{"id":5388,"date":"2022-07-11T17:19:31","date_gmt":"2022-07-11T15:19:31","guid":{"rendered":"https:\/\/www.mevisco.com\/?page_id=5388"},"modified":"2022-07-12T10:27:10","modified_gmt":"2022-07-12T08:27:10","slug":"company","status":"publish","type":"page","link":"https:\/\/www.mevisco.com\/en\/company\/","title":{"rendered":"Company"},"content":{"rendered":"<div class=\"wpb-content-wrapper\"><p>[vc_section][vc_row][vc_column][vc_column_text]<\/p>\n<h1>Company<\/h1>\n<h2><\/h2>\n<h2>About mevisco<\/h2>\n<p>mevisco has been supplying image processing solutions for quality control since 1996. We started with intelligent cameras. Today, we exclusively use computer-centric solutions because of their higher performance. <a href=\"https:\/\/www.mevisco.com\/en\/vision-systems\/\">More about our vision systems<\/a><\/p>\n<p>Since our foundation we have been owner-managed. mevisco is currently represented by three managing directors who are also owners. Dr. J\u00f6rg H\u00f6hne has been managing director since the foundation in 1996. Gordon Henske and Philipp Hamann, as long-time employees, took over the position as managing directors in 2018.<\/p>\n<p>We deliver customized, turnkey image processing solutions for individual tasks. For us, this means that we support our customers from planning, creation and integration to training and service. In the end, the customer receives a solution consisting of consulting, hardware, software and configuration. <a href=\"https:\/\/www.mevisco.com\/en\/optical-qualitaty-control\/\">More about our inspection solutions<\/a><\/p>\n<p>We do not take over the handling of the products. We leave that to the machine builders and robot specialists. This allows each party to play to its strengths, and the end result is a production machine with built-in quality control. <a href=\"https:\/\/www.mevisco.com\/en\/references\/#partners\">More about our integration partners<\/a><\/p>\n<p>mevisco&#8217;s headquarter is located in Bremen, Germany. Our systems are in use worldwide with a concentration on Europe and North America. All of our systems have remote service capability, so physical distances play a minor role for quick assistance. For North America we have an additional service point on site.[\/vc_column_text][\/vc_column][\/vc_row][\/vc_section][vc_row][vc_column][vc_row_inner][vc_column_inner][vc_column_text]<\/p>\n<h2>Locations<\/h2>\n<p>[\/vc_column_text][\/vc_column_inner][\/vc_row_inner][vc_row_inner equal_height=&#8221;yes&#8221; gap=&#8221;20&#8243;][vc_column_inner width=&#8221;1\/2&#8243;][vc_column_text]<\/p>\n<h3>Headquarter mevisco GmbH &amp; Co. KG<\/h3>\n<p>Konsul-Smidt-Str. 82<br \/>\n28217 Bremen<br \/>\nDeutschland<\/p>\n<p><a href=\"https:\/\/g.page\/mevisco?share\" target=\"_blank\" rel=\"noopener noreferrer\">Open in Google Maps<\/a><\/p>\n<h4>Central<\/h4>\n<p>phone <a href=\"tel:+49421335090\">+49 (421) 33 50 90<\/a><br \/>\nemail <a href=\"mailto:info@mevisco.com\">info@mevisco.com<\/a><br \/>\nfax +49 (421) 33 50 936<\/p>\n<h4>sales<\/h4>\n<p>phone\u00a0 <a href=\"tel:+494213350920\">+49 (421)\u00a0 33 50 920<\/a><br \/>\nemail <a href=\"mailto:sales@mevisco.com\">sales@mevisco.com<\/a><\/p>\n<h4>Service<\/h4>\n<p>phone\u00a0 <a href=\"tel:+494213350940\">+49 (421) 33 50 940<\/a><br \/>\nemail <a href=\"mailto:service@mevisco.com\">service@mevisco.com<\/a><\/p>\n<h4>Online meetings<\/h4>\n<p>We are pleased to conduct online meetings with Microsoft Teams. Alternatively, we can also use TeamViewer Meeting without any installation at all. <a href=\"https:\/\/go.teamviewer.com\/mevisco-join\" target=\"_blank\" rel=\"noopener\">Download TeamViewer Meeting<\/a><\/p>\n<h3>Service North America<\/h3>\n<p class=\"kt-adv-heading_c2eede-68 wp-block-kadence-advancedheading\" data-kb-block=\"kb-adv-heading_c2eede-68\">Breen Machine Automation Service LLC<\/p>\n<p data-kb-block=\"kb-adv-heading_c2eede-68\">phone\u00a0 <a href=\"tel:+16085042105\">+1 (608) 504 2105<\/a><br \/>\nemail <a href=\"mailto:info@breen-machine.com\">info@breen-machine.com<\/a><\/p>\n<p>[\/vc_column_text][\/vc_column_inner][vc_column_inner width=&#8221;1\/2&#8243;][vc_single_image image=&#8221;4030&#8243; img_size=&#8221;400&#215;400&#8243; alignment=&#8221;center&#8221; style=&#8221;vc_box_circle_2&#8243;][\/vc_column_inner][\/vc_row_inner][\/vc_column][\/vc_row][vc_row disable_element=&#8221;yes&#8221;][vc_column][vc_column_text]<\/p>\n<h2>Online-Meetings und Online-Schulungen<\/h2>\n<p>Zu Pr\u00e4sentationszwecken oder f\u00fcr Online-Schulungen k\u00f6nnen wir uns auch gerne online treffen.<\/p>\n<p>Wenn Sie einen Microsoft Teams Account haben, k\u00f6nnen wir uns \u00fcber Microsoft Teams verbinden.<\/p>\n<p>Alternativ k\u00f6nnen wir ein Meeting \u00fcber TeamViewer herstellen. Sie ben\u00f6tigen dazu keinen Account. Einfach die TeamViewer-Meeting-Software herunterladen und ohne Installation starten. Wir teilen Ihnen eine Meeting-ID mit und sie k\u00f6nnen dem Meeting beitreten. Am besten haben Sie ein Headset mit dem Computer verbunden. Alternativ k\u00f6nnen wir auch eine Sprachverbindung \u00fcber Telefon aufbauen.<\/p>\n<p><a href=\"https:\/\/go.teamviewer.com\/mevisco-join\" target=\"_blank\" rel=\"noopener\">Download TeamViewer Meeting<\/a>[\/vc_column_text][\/vc_column][\/vc_row][vc_section full_width=&#8221;stretch_row&#8221; disable_element=&#8221;yes&#8221; css=&#8221;.vc_custom_1657551979429{padding-top: 100px !important;padding-bottom: 200px !important;background-image: url(https:\/\/www.mevisco.com\/wp-content\/uploads\/2022\/07\/Arbeit-Hintergrund-scaled.jpg?id=5366) !important;}&#8221;][vc_row][vc_column][vc_column_text el_class=&#8221;white&#8221;]<\/p>\n<h2 style=\"text-align: center;\">Jobs &amp; Karriere<\/h2>\n<p style=\"text-align: left;\">Wir sind immer auf der Suche nach Menschen, die sich f\u00fcr Bildverarbeitung begeistern. Wer einen Job im Bereich der industriellen Bildverarbeitung sucht ist bei uns genau richtig.<\/p>\n<p style=\"text-align: left;\">Wir bieten Dir einen abwechslungsreichen Job in einem famili\u00e4ren Team mit flachen Strukturen und einer flexiblen Arbeitszeitgestaltung?<\/p>\n<p style=\"text-align: left;\">Interessiert? Dann schick uns Deine Bewerbung mit Lebenslauf als PDF an <a href=\"mailto:jobs@mevisco.com\">jobs@mevisco.com<\/a>.<\/p>\n<p>[\/vc_column_text][vc_btn title=&#8221;Jetzt bewerben&#8221; style=&#8221;classic&#8221; color=&#8221;white&#8221; align=&#8221;center&#8221; link=&#8221;url:mailto%3Ajobs%40mevisco.com&#8221; css=&#8221;.vc_custom_1657549060125{margin-top: 20px !important;}&#8221;][vc_column_text el_class=&#8221;white&#8221; css=&#8221;.vc_custom_1657549681532{margin-top: 50px !important;}&#8221;]<\/p>\n<h3>Aktuell offene Stellenausschreibungen<\/h3>\n<p><a href=\"https:\/\/www.mevisco.com\/wp-content\/uploads\/2022\/07\/Stellenausschreibung-Techniker-Ingenieur-2022-07.pdf\"><strong>IT-affiner Techniker \/ Meister \/ Ingenieur (m\/w\/d) im Bereich Automatisierung (Bildverarbeitung)<\/strong> Download als PDF<\/a>[\/vc_column_text][\/vc_column][\/vc_row][\/vc_section]<\/p>\n<\/div>","protected":false},"excerpt":{"rendered":"<p>[vc_section][vc_row][vc_column][vc_column_text] Company About mevisco mevisco has been supplying image processing solutions for quality control since 1996. We started with intelligent cameras. Today, we exclusively use computer-centric solutions because of their higher performance. More about our vision systems Since our foundation we have been owner-managed. mevisco is currently represented by three managing directors who are also&hellip;<\/p>\n","protected":false},"author":5,"featured_media":0,"parent":0,"menu_order":0,"comment_status":"closed","ping_status":"closed","template":"","meta":{"_acf_changed":false,"footnotes":""},"categories":[],"class_list":["post-5388","page","type-page","status-publish","hentry"],"acf":[],"yoast_head":"<!-- This site is optimized with the Yoast SEO plugin v27.4 - https:\/\/yoast.com\/product\/yoast-seo-wordpress\/ -->\n<title>mevisco as a company | Locations<\/title>\n<meta name=\"description\" content=\"mevisco has been supplying quality control vision solutions to customers worldwide since 1996. Locations in Germany and North America.\" \/>\n<meta name=\"robots\" content=\"index, follow, max-snippet:-1, max-image-preview:large, max-video-preview:-1\" \/>\n<link rel=\"canonical\" href=\"https:\/\/www.mevisco.com\/en\/company\/\" \/>\n<meta property=\"og:locale\" content=\"en_US\" \/>\n<meta property=\"og:type\" content=\"article\" \/>\n<meta property=\"og:title\" content=\"mevisco as a company | Locations\" \/>\n<meta property=\"og:description\" content=\"mevisco has been supplying quality control vision solutions to customers worldwide since 1996. Locations in Germany and North America.\" \/>\n<meta property=\"og:url\" content=\"https:\/\/www.mevisco.com\/en\/company\/\" \/>\n<meta property=\"og:site_name\" content=\"mevisco\" \/>\n<meta property=\"article:modified_time\" content=\"2022-07-12T08:27:10+00:00\" \/>\n<meta name=\"twitter:card\" content=\"summary_large_image\" \/>\n<script type=\"application\/ld+json\" class=\"yoast-schema-graph\">{\"@context\":\"https:\\\/\\\/schema.org\",\"@graph\":[{\"@type\":\"WebPage\",\"@id\":\"https:\\\/\\\/www.mevisco.com\\\/en\\\/company\\\/\",\"url\":\"https:\\\/\\\/www.mevisco.com\\\/en\\\/company\\\/\",\"name\":\"mevisco as a company | Locations\",\"isPartOf\":{\"@id\":\"https:\\\/\\\/www.mevisco.com\\\/en\\\/#website\"},\"datePublished\":\"2022-07-11T15:19:31+00:00\",\"dateModified\":\"2022-07-12T08:27:10+00:00\",\"description\":\"mevisco has been supplying quality control vision solutions to customers worldwide since 1996. Locations in Germany and North America.\",\"breadcrumb\":{\"@id\":\"https:\\\/\\\/www.mevisco.com\\\/en\\\/company\\\/#breadcrumb\"},\"inLanguage\":\"en-US\",\"potentialAction\":[{\"@type\":\"ReadAction\",\"target\":[\"https:\\\/\\\/www.mevisco.com\\\/en\\\/company\\\/\"]}]},{\"@type\":\"BreadcrumbList\",\"@id\":\"https:\\\/\\\/www.mevisco.com\\\/en\\\/company\\\/#breadcrumb\",\"itemListElement\":[{\"@type\":\"ListItem\",\"position\":1,\"name\":\"Startseite\",\"item\":\"https:\\\/\\\/www.mevisco.com\\\/en\\\/\"},{\"@type\":\"ListItem\",\"position\":2,\"name\":\"Company\"}]},{\"@type\":\"WebSite\",\"@id\":\"https:\\\/\\\/www.mevisco.com\\\/en\\\/#website\",\"url\":\"https:\\\/\\\/www.mevisco.com\\\/en\\\/\",\"name\":\"mevisco\",\"description\":\"image processing systems\",\"publisher\":{\"@id\":\"https:\\\/\\\/www.mevisco.com\\\/en\\\/#organization\"},\"potentialAction\":[{\"@type\":\"SearchAction\",\"target\":{\"@type\":\"EntryPoint\",\"urlTemplate\":\"https:\\\/\\\/www.mevisco.com\\\/en\\\/?s={search_term_string}\"},\"query-input\":{\"@type\":\"PropertyValueSpecification\",\"valueRequired\":true,\"valueName\":\"search_term_string\"}}],\"inLanguage\":\"en-US\"},{\"@type\":\"Organization\",\"@id\":\"https:\\\/\\\/www.mevisco.com\\\/en\\\/#organization\",\"name\":\"mevisco GmbH & Co. KG\",\"url\":\"https:\\\/\\\/www.mevisco.com\\\/en\\\/\",\"logo\":{\"@type\":\"ImageObject\",\"inLanguage\":\"en-US\",\"@id\":\"https:\\\/\\\/www.mevisco.com\\\/en\\\/#\\\/schema\\\/logo\\\/image\\\/\",\"url\":\"https:\\\/\\\/www.mevisco.com\\\/wp-content\\\/uploads\\\/2019\\\/09\\\/mevisco_logo_plain@2x.png\",\"contentUrl\":\"https:\\\/\\\/www.mevisco.com\\\/wp-content\\\/uploads\\\/2019\\\/09\\\/mevisco_logo_plain@2x.png\",\"width\":340,\"height\":106,\"caption\":\"mevisco GmbH & Co. KG\"},\"image\":{\"@id\":\"https:\\\/\\\/www.mevisco.com\\\/en\\\/#\\\/schema\\\/logo\\\/image\\\/\"},\"sameAs\":[\"https:\\\/\\\/www.linkedin.com\\\/company\\\/12262460\\\/\"]}]}<\/script>\n<!-- \/ Yoast SEO plugin. -->","yoast_head_json":{"title":"mevisco as a company | Locations","description":"mevisco has been supplying quality control vision solutions to customers worldwide since 1996. Locations in Germany and North America.","robots":{"index":"index","follow":"follow","max-snippet":"max-snippet:-1","max-image-preview":"max-image-preview:large","max-video-preview":"max-video-preview:-1"},"canonical":"https:\/\/www.mevisco.com\/en\/company\/","og_locale":"en_US","og_type":"article","og_title":"mevisco as a company | Locations","og_description":"mevisco has been supplying quality control vision solutions to customers worldwide since 1996. Locations in Germany and North America.","og_url":"https:\/\/www.mevisco.com\/en\/company\/","og_site_name":"mevisco","article_modified_time":"2022-07-12T08:27:10+00:00","twitter_card":"summary_large_image","schema":{"@context":"https:\/\/schema.org","@graph":[{"@type":"WebPage","@id":"https:\/\/www.mevisco.com\/en\/company\/","url":"https:\/\/www.mevisco.com\/en\/company\/","name":"mevisco as a company | Locations","isPartOf":{"@id":"https:\/\/www.mevisco.com\/en\/#website"},"datePublished":"2022-07-11T15:19:31+00:00","dateModified":"2022-07-12T08:27:10+00:00","description":"mevisco has been supplying quality control vision solutions to customers worldwide since 1996. Locations in Germany and North America.","breadcrumb":{"@id":"https:\/\/www.mevisco.com\/en\/company\/#breadcrumb"},"inLanguage":"en-US","potentialAction":[{"@type":"ReadAction","target":["https:\/\/www.mevisco.com\/en\/company\/"]}]},{"@type":"BreadcrumbList","@id":"https:\/\/www.mevisco.com\/en\/company\/#breadcrumb","itemListElement":[{"@type":"ListItem","position":1,"name":"Startseite","item":"https:\/\/www.mevisco.com\/en\/"},{"@type":"ListItem","position":2,"name":"Company"}]},{"@type":"WebSite","@id":"https:\/\/www.mevisco.com\/en\/#website","url":"https:\/\/www.mevisco.com\/en\/","name":"mevisco","description":"image processing systems","publisher":{"@id":"https:\/\/www.mevisco.com\/en\/#organization"},"potentialAction":[{"@type":"SearchAction","target":{"@type":"EntryPoint","urlTemplate":"https:\/\/www.mevisco.com\/en\/?s={search_term_string}"},"query-input":{"@type":"PropertyValueSpecification","valueRequired":true,"valueName":"search_term_string"}}],"inLanguage":"en-US"},{"@type":"Organization","@id":"https:\/\/www.mevisco.com\/en\/#organization","name":"mevisco GmbH & Co. KG","url":"https:\/\/www.mevisco.com\/en\/","logo":{"@type":"ImageObject","inLanguage":"en-US","@id":"https:\/\/www.mevisco.com\/en\/#\/schema\/logo\/image\/","url":"https:\/\/www.mevisco.com\/wp-content\/uploads\/2019\/09\/mevisco_logo_plain@2x.png","contentUrl":"https:\/\/www.mevisco.com\/wp-content\/uploads\/2019\/09\/mevisco_logo_plain@2x.png","width":340,"height":106,"caption":"mevisco GmbH & Co. KG"},"image":{"@id":"https:\/\/www.mevisco.com\/en\/#\/schema\/logo\/image\/"},"sameAs":["https:\/\/www.linkedin.com\/company\/12262460\/"]}]}},"_links":{"self":[{"href":"https:\/\/www.mevisco.com\/en\/wp-json\/wp\/v2\/pages\/5388","targetHints":{"allow":["GET"]}}],"collection":[{"href":"https:\/\/www.mevisco.com\/en\/wp-json\/wp\/v2\/pages"}],"about":[{"href":"https:\/\/www.mevisco.com\/en\/wp-json\/wp\/v2\/types\/page"}],"author":[{"embeddable":true,"href":"https:\/\/www.mevisco.com\/en\/wp-json\/wp\/v2\/users\/5"}],"replies":[{"embeddable":true,"href":"https:\/\/www.mevisco.com\/en\/wp-json\/wp\/v2\/comments?post=5388"}],"version-history":[{"count":5,"href":"https:\/\/www.mevisco.com\/en\/wp-json\/wp\/v2\/pages\/5388\/revisions"}],"predecessor-version":[{"id":5408,"href":"https:\/\/www.mevisco.com\/en\/wp-json\/wp\/v2\/pages\/5388\/revisions\/5408"}],"wp:attachment":[{"href":"https:\/\/www.mevisco.com\/en\/wp-json\/wp\/v2\/media?parent=5388"}],"wp:term":[{"taxonomy":"category","embeddable":true,"href":"https:\/\/www.mevisco.com\/en\/wp-json\/wp\/v2\/categories?post=5388"}],"curies":[{"name":"wp","href":"https:\/\/api.w.org\/{rel}","templated":true}]}}