{"id":5335,"date":"2022-07-11T16:40:58","date_gmt":"2022-07-11T14:40:58","guid":{"rendered":"https:\/\/www.mevisco.com\/?page_id=5335"},"modified":"2025-08-05T16:10:09","modified_gmt":"2025-08-05T14:10:09","slug":"unternehmen","status":"publish","type":"page","link":"https:\/\/www.mevisco.com\/de\/unternehmen\/","title":{"rendered":"Unternehmen"},"content":{"rendered":"<div class=\"wpb-content-wrapper\"><p>[vc_section][vc_row][vc_column][vc_column_text]<\/p>\n<h1>Unternehmen<\/h1>\n<h2><\/h2>\n<h2>\u00dcber mevisco<\/h2>\n<p>mevisco liefert seit 1996 Bildverarbeitungsl\u00f6sungen zur Qualit\u00e4tskontrolle. Angefangen habe wir mit intelligenten Kameras. Heute setzen wir wegen der h\u00f6heren Leistungsf\u00e4higkeit ausschlie\u00dflich rechnerzentrierte L\u00f6sungen ein. <a href=\"https:\/\/www.mevisco.com\/de\/bildverarbeitungssysteme\/\">Mehr \u00fcber unsere Bildverarbeitungssysteme<\/a><\/p>\n<p>Seit unserer Gr\u00fcndung sind wir inhabergef\u00fchrt. mevisco wird aktuell von drei Gesch\u00e4ftsf\u00fchrern, die gleichzeitig auch Inhaber sind, vertreten. Dr. J\u00f6rg H\u00f6hne ist seit der Gr\u00fcndung 1996 Gesch\u00e4ftsf\u00fchrer. Gordon Henske und Philipp Hamann haben als langj\u00e4hrige Mitarbeiter 2018 die Position als Gesch\u00e4ftsf\u00fchrer \u00fcbernommen.<\/p>\n<p>Wir liefern f\u00fcr jede Aufgabenstellung individuell angepasste, schl\u00fcsselfertige Bildverarbeitungsl\u00f6sungen. Das bedeutet f\u00fcr uns, dass wir unsere Kunden von der Planung, \u00fcber die Erstellung und Integration bis zur Schulung und Service-Leistung betreuen. Der Kunde erh\u00e4lt am Ende eine L\u00f6sung bestehend aus Beratung, Hardware, Software und Konfiguration. <a href=\"https:\/\/www.mevisco.com\/de\/optische-qualitaetskontrolle\/\">Mehr \u00fcber unsere Inspektionsl\u00f6sungen<\/a><\/p>\n<p>Dabei \u00fcbernehmen wir nicht das Handling der Produkte. Das \u00fcberlassen wir den Maschinenbauern und Roboterspezialisten. So kann jede Partei ihre St\u00e4rken voll ausspielen und am Ende entsteht eine Produktionsmaschine mit eingebauter Qualit\u00e4tskontrolle. <a href=\"https:\/\/www.mevisco.com\/de\/referenzen\/#partner\">Mehr zu unseren Integrationspartnern<\/a><\/p>\n<p>Der Firmensitz von mevisco befindet sich in Bremen, Deutschland. Unsere Systeme sind weltweit im Einsatz mit einer Konzentration auf Europa und Nordamerika. Alle unsere Systeme verf\u00fcgen \u00fcber eine Fernwartungsm\u00f6glichkeit, so dass physische Entfernungen eine untergeordnete Rolle f\u00fcr eine schnelle Hilfe spielen. F\u00fcr Nordamerika haben wir eine zus\u00e4tzlichen Servicestelle vor Ort.[\/vc_column_text][\/vc_column][\/vc_row][\/vc_section][vc_row][vc_column][vc_row_inner][vc_column_inner][vc_column_text]<\/p>\n<h2>Standorte<\/h2>\n<p>[\/vc_column_text][\/vc_column_inner][\/vc_row_inner][vc_row_inner equal_height=&#8220;yes&#8220; gap=&#8220;20&#8243;][vc_column_inner width=&#8220;1\/2&#8243;][vc_column_text]<\/p>\n<h3>Firmensitz mevisco GmbH &amp; Co. KG<\/h3>\n<p>Konsul-Smidt-Str. 82<br \/>\n28217 Bremen<br \/>\nDeutschland<\/p>\n<p><a href=\"https:\/\/g.page\/mevisco?share\" target=\"_blank\" rel=\"noopener noreferrer\">In Google Maps anzeigen<\/a><\/p>\n<h4>Zentrale<\/h4>\n<p>Telefon <a href=\"tel:+49421335090\">+49 (421) 33 50 90<\/a><br \/>\nE-Mail <a href=\"mailto:info@mevisco.com\">info@mevisco.com<\/a><br \/>\nFax +49 (421) 33 50 936<\/p>\n<h4>Vertrieb<\/h4>\n<p>Telefon\u00a0 <a href=\"tel:+494213350920\">+49 (421)\u00a0 33 50 920<\/a><br \/>\nE-Mail <a href=\"mailto:sales@mevisco.com\">sales@mevisco.com<\/a><\/p>\n<h4>Service<\/h4>\n<p>Telefon\u00a0 <a href=\"tel:+494213350940\">+49 (421) 33 50 940<\/a><br \/>\nE-Mail <a href=\"mailto:service@mevisco.com\">service@mevisco.com<\/a><\/p>\n<h4>Online-Meetings<\/h4>\n<p>Online Meetings f\u00fchren wir gerne mit Microsoft Teams durch. Alternativ k\u00f6nnen wir auch TeamViewer Meeting ganz ohne Installation verwenden. <a href=\"https:\/\/go.teamviewer.com\/mevisco-join\" target=\"_blank\" rel=\"noopener\">Download TeamViewer Meeting<\/a><\/p>\n<h3>Servicestelle Nordamerika<\/h3>\n<p class=\"kt-adv-heading_c2eede-68 wp-block-kadence-advancedheading\" data-kb-block=\"kb-adv-heading_c2eede-68\">Breen Machine Automation Service LLC<\/p>\n<p data-kb-block=\"kb-adv-heading_c2eede-68\">Telefon\u00a0 <a href=\"tel:+16085042105\">+1 (608) 504 2105<\/a><br \/>\nE-Mail <a href=\"mailto:info@breen-machine.com\">info@breen-machine.com<\/a><\/p>\n<p>[\/vc_column_text][\/vc_column_inner][vc_column_inner width=&#8220;1\/2&#8243;][vc_single_image image=&#8220;4030&#8243; img_size=&#8220;400&#215;400&#8243; alignment=&#8220;center&#8220; style=&#8220;vc_box_circle_2&#8243;][\/vc_column_inner][\/vc_row_inner][\/vc_column][\/vc_row][vc_row disable_element=&#8220;yes&#8220;][vc_column][vc_column_text]<\/p>\n<h2>Online-Meetings und Online-Schulungen<\/h2>\n<p>Zu Pr\u00e4sentationszwecken oder f\u00fcr Online-Schulungen k\u00f6nnen wir uns auch gerne online treffen.<\/p>\n<p>Wenn Sie einen Microsoft Teams Account haben, k\u00f6nnen wir uns \u00fcber Microsoft Teams verbinden.<\/p>\n<p>Alternativ k\u00f6nnen wir ein Meeting \u00fcber TeamViewer herstellen. Sie ben\u00f6tigen dazu keinen Account. Einfach die TeamViewer-Meeting-Software herunterladen und ohne Installation starten. Wir teilen Ihnen eine Meeting-ID mit und sie k\u00f6nnen dem Meeting beitreten. Am besten haben Sie ein Headset mit dem Computer verbunden. Alternativ k\u00f6nnen wir auch eine Sprachverbindung \u00fcber Telefon aufbauen.<\/p>\n<p><a href=\"https:\/\/go.teamviewer.com\/mevisco-join\" target=\"_blank\" rel=\"noopener\">Download TeamViewer Meeting<\/a>[\/vc_column_text][\/vc_column][\/vc_row][vc_section full_width=&#8220;stretch_row&#8220; css=&#8220;.vc_custom_1657549260421{padding-top: 100px !important;padding-bottom: 200px !important;background-image: url(https:\/\/www.mevisco.com\/wp-content\/uploads\/2022\/07\/Arbeit-Hintergrund-scaled.jpg?id=5366) !important;}&#8220;][vc_row][vc_column][vc_column_text el_class=&#8220;white&#8220;]<\/p>\n<h2 id=\"karriere\" style=\"text-align: center;\">Jobs &amp; Karriere<\/h2>\n<p style=\"text-align: left;\">Wir sind immer auf der Suche nach Menschen, die sich f\u00fcr Bildverarbeitung begeistern. Wer einen Job im Bereich der industriellen Bildverarbeitung sucht ist bei uns genau richtig.<\/p>\n<p style=\"text-align: left;\">Wir bieten Dir einen abwechslungsreichen Job in einem famili\u00e4ren Team mit flachen Strukturen und einer flexiblen Arbeitszeitgestaltung.<\/p>\n<p style=\"text-align: left;\">Interessiert? Dann schick uns Deine Bewerbung mit Lebenslauf als PDF an <a href=\"mailto:jobs@mevisco.com\">jobs@mevisco.com<\/a>.<\/p>\n<p>[\/vc_column_text][vc_btn title=&#8220;Jetzt bewerben&#8220; style=&#8220;classic&#8220; color=&#8220;white&#8220; align=&#8220;center&#8220; css=&#8220;.vc_custom_1657549060125{margin-top: 20px !important;}&#8220; link=&#8220;url:mailto%3Ajobs%40mevisco.com&#8220;][\/vc_column][\/vc_row][vc_row][vc_column][vc_column_text css=&#8220;.vc_custom_1754403007106{margin-top: 50px !important;}&#8220; el_class=&#8220;white&#8220;]<\/p>\n<h3>Aktuell offene Stellenausschreibungen<\/h3>\n<p><strong><a href=\"https:\/\/www.mevisco.com\/wp-content\/uploads\/2025\/08\/Stellenausschreibung-Fertigung-2025.pdf\">Mitarbeiter (m\/w\/d) Fertigung elektr. Systeme<\/a><\/strong><\/p>\n<p><strong><a href=\"https:\/\/www.mevisco.com\/wp-content\/uploads\/2025\/08\/Stellenausschreibung-Ingenieur-Bildverarbeitung-2025.pdf\">Techniker \/ Meister \/ Ingenieur (m\/w\/d) im Bereich Automatisierung (Bildverarbeitung)<\/a><\/strong>[\/vc_column_text][\/vc_column][\/vc_row][vc_row disable_element=&#8220;yes&#8220;][vc_column][vc_column_text css=&#8220;.vc_custom_1690464320937{margin-top: 50px !important;}&#8220; el_class=&#8220;white&#8220;]<\/p>\n<h3>Aktuell offene Stellenausschreibungen<\/h3>\n<p><a href=\"https:\/\/www.mevisco.com\/wp-content\/uploads\/2023\/07\/Stellenausschreibung-Teamassistenz-2023-07.pdf\"><strong>Teamassistenz \/ B\u00fcroempfang \/ Kaufm\u00e4nnischer Sachbearbeiter (m\/w\/d)<\/strong><\/a><\/p>\n<p><a href=\"https:\/\/www.mevisco.com\/wp-content\/uploads\/2022\/07\/Stellenausschreibung-Techniker-Ingenieur-2022-07.pdf\"><strong>IT-affiner Techniker \/ Meister \/ Ingenieur (m\/w\/d) im Bereich Automatisierung (Bildverarbeitung)<\/strong> Download als PDF<\/a><\/p>\n<p><a href=\"https:\/\/www.mevisco.com\/wp-content\/uploads\/2022\/08\/Projektmanager-2022-07.pdf\"><strong>Projektmanager (m\/w\/d) Fertigung <\/strong>Download als PDF<\/a>[\/vc_column_text][\/vc_column][\/vc_row][\/vc_section]<\/p>\n<\/div>","protected":false},"excerpt":{"rendered":"<p>[vc_section][vc_row][vc_column][vc_column_text] Unternehmen \u00dcber mevisco mevisco liefert seit 1996 Bildverarbeitungsl\u00f6sungen zur Qualit\u00e4tskontrolle. Angefangen habe wir mit intelligenten Kameras. Heute setzen wir wegen der h\u00f6heren Leistungsf\u00e4higkeit ausschlie\u00dflich rechnerzentrierte L\u00f6sungen ein. Mehr \u00fcber unsere Bildverarbeitungssysteme Seit unserer Gr\u00fcndung sind wir inhabergef\u00fchrt. mevisco wird aktuell von drei Gesch\u00e4ftsf\u00fchrern, die gleichzeitig auch Inhaber sind, vertreten. Dr. J\u00f6rg H\u00f6hne ist seit&hellip;<\/p>\n","protected":false},"author":5,"featured_media":0,"parent":0,"menu_order":0,"comment_status":"closed","ping_status":"closed","template":"","meta":{"_acf_changed":false,"footnotes":""},"categories":[],"class_list":["post-5335","page","type-page","status-publish","hentry"],"acf":[],"yoast_head":"<!-- This site is optimized with the Yoast SEO plugin v27.4 - https:\/\/yoast.com\/product\/yoast-seo-wordpress\/ -->\n<title>mevisco als Unternehmen | Standorte | Jobs &amp; Karriere<\/title>\n<meta name=\"description\" content=\"mevisco liefert seit 1996 Bildverarbeitungsl\u00f6sungen zur Qualit\u00e4tskontrolle an Kunden weltweit. Standorte. Jobs &amp; Karriere.\" \/>\n<meta name=\"robots\" content=\"index, follow, max-snippet:-1, max-image-preview:large, max-video-preview:-1\" \/>\n<link rel=\"canonical\" href=\"https:\/\/www.mevisco.com\/de\/unternehmen\/\" \/>\n<meta property=\"og:locale\" content=\"de_DE\" \/>\n<meta property=\"og:type\" content=\"article\" \/>\n<meta property=\"og:title\" content=\"mevisco als Unternehmen | Standorte | Jobs &amp; Karriere\" \/>\n<meta property=\"og:description\" content=\"mevisco liefert seit 1996 Bildverarbeitungsl\u00f6sungen zur Qualit\u00e4tskontrolle an Kunden weltweit. Standorte. Jobs &amp; Karriere.\" \/>\n<meta property=\"og:url\" content=\"https:\/\/www.mevisco.com\/de\/unternehmen\/\" \/>\n<meta property=\"og:site_name\" content=\"mevisco\" \/>\n<meta property=\"article:modified_time\" content=\"2025-08-05T14:10:09+00:00\" \/>\n<meta name=\"twitter:card\" content=\"summary_large_image\" \/>\n<script type=\"application\/ld+json\" class=\"yoast-schema-graph\">{\"@context\":\"https:\\\/\\\/schema.org\",\"@graph\":[{\"@type\":\"WebPage\",\"@id\":\"https:\\\/\\\/www.mevisco.com\\\/de\\\/unternehmen\\\/\",\"url\":\"https:\\\/\\\/www.mevisco.com\\\/de\\\/unternehmen\\\/\",\"name\":\"mevisco als Unternehmen | Standorte | Jobs & Karriere\",\"isPartOf\":{\"@id\":\"https:\\\/\\\/www.mevisco.com\\\/de\\\/#website\"},\"datePublished\":\"2022-07-11T14:40:58+00:00\",\"dateModified\":\"2025-08-05T14:10:09+00:00\",\"description\":\"mevisco liefert seit 1996 Bildverarbeitungsl\u00f6sungen zur Qualit\u00e4tskontrolle an Kunden weltweit. Standorte. Jobs & Karriere.\",\"breadcrumb\":{\"@id\":\"https:\\\/\\\/www.mevisco.com\\\/de\\\/unternehmen\\\/#breadcrumb\"},\"inLanguage\":\"de\",\"potentialAction\":[{\"@type\":\"ReadAction\",\"target\":[\"https:\\\/\\\/www.mevisco.com\\\/de\\\/unternehmen\\\/\"]}]},{\"@type\":\"BreadcrumbList\",\"@id\":\"https:\\\/\\\/www.mevisco.com\\\/de\\\/unternehmen\\\/#breadcrumb\",\"itemListElement\":[{\"@type\":\"ListItem\",\"position\":1,\"name\":\"Startseite\",\"item\":\"https:\\\/\\\/www.mevisco.com\\\/de\\\/\"},{\"@type\":\"ListItem\",\"position\":2,\"name\":\"Unternehmen\"}]},{\"@type\":\"WebSite\",\"@id\":\"https:\\\/\\\/www.mevisco.com\\\/de\\\/#website\",\"url\":\"https:\\\/\\\/www.mevisco.com\\\/de\\\/\",\"name\":\"mevisco\",\"description\":\"image processing systems\",\"publisher\":{\"@id\":\"https:\\\/\\\/www.mevisco.com\\\/de\\\/#organization\"},\"potentialAction\":[{\"@type\":\"SearchAction\",\"target\":{\"@type\":\"EntryPoint\",\"urlTemplate\":\"https:\\\/\\\/www.mevisco.com\\\/de\\\/?s={search_term_string}\"},\"query-input\":{\"@type\":\"PropertyValueSpecification\",\"valueRequired\":true,\"valueName\":\"search_term_string\"}}],\"inLanguage\":\"de\"},{\"@type\":\"Organization\",\"@id\":\"https:\\\/\\\/www.mevisco.com\\\/de\\\/#organization\",\"name\":\"mevisco GmbH & Co. KG\",\"url\":\"https:\\\/\\\/www.mevisco.com\\\/de\\\/\",\"logo\":{\"@type\":\"ImageObject\",\"inLanguage\":\"de\",\"@id\":\"https:\\\/\\\/www.mevisco.com\\\/de\\\/#\\\/schema\\\/logo\\\/image\\\/\",\"url\":\"https:\\\/\\\/www.mevisco.com\\\/wp-content\\\/uploads\\\/2019\\\/09\\\/mevisco_logo_plain@2x.png\",\"contentUrl\":\"https:\\\/\\\/www.mevisco.com\\\/wp-content\\\/uploads\\\/2019\\\/09\\\/mevisco_logo_plain@2x.png\",\"width\":340,\"height\":106,\"caption\":\"mevisco GmbH & Co. KG\"},\"image\":{\"@id\":\"https:\\\/\\\/www.mevisco.com\\\/de\\\/#\\\/schema\\\/logo\\\/image\\\/\"},\"sameAs\":[\"https:\\\/\\\/www.linkedin.com\\\/company\\\/12262460\\\/\"]}]}<\/script>\n<!-- \/ Yoast SEO plugin. -->","yoast_head_json":{"title":"mevisco als Unternehmen | Standorte | Jobs & Karriere","description":"mevisco liefert seit 1996 Bildverarbeitungsl\u00f6sungen zur Qualit\u00e4tskontrolle an Kunden weltweit. Standorte. Jobs & Karriere.","robots":{"index":"index","follow":"follow","max-snippet":"max-snippet:-1","max-image-preview":"max-image-preview:large","max-video-preview":"max-video-preview:-1"},"canonical":"https:\/\/www.mevisco.com\/de\/unternehmen\/","og_locale":"de_DE","og_type":"article","og_title":"mevisco als Unternehmen | Standorte | Jobs & Karriere","og_description":"mevisco liefert seit 1996 Bildverarbeitungsl\u00f6sungen zur Qualit\u00e4tskontrolle an Kunden weltweit. Standorte. Jobs & Karriere.","og_url":"https:\/\/www.mevisco.com\/de\/unternehmen\/","og_site_name":"mevisco","article_modified_time":"2025-08-05T14:10:09+00:00","twitter_card":"summary_large_image","schema":{"@context":"https:\/\/schema.org","@graph":[{"@type":"WebPage","@id":"https:\/\/www.mevisco.com\/de\/unternehmen\/","url":"https:\/\/www.mevisco.com\/de\/unternehmen\/","name":"mevisco als Unternehmen | Standorte | Jobs & Karriere","isPartOf":{"@id":"https:\/\/www.mevisco.com\/de\/#website"},"datePublished":"2022-07-11T14:40:58+00:00","dateModified":"2025-08-05T14:10:09+00:00","description":"mevisco liefert seit 1996 Bildverarbeitungsl\u00f6sungen zur Qualit\u00e4tskontrolle an Kunden weltweit. Standorte. Jobs & Karriere.","breadcrumb":{"@id":"https:\/\/www.mevisco.com\/de\/unternehmen\/#breadcrumb"},"inLanguage":"de","potentialAction":[{"@type":"ReadAction","target":["https:\/\/www.mevisco.com\/de\/unternehmen\/"]}]},{"@type":"BreadcrumbList","@id":"https:\/\/www.mevisco.com\/de\/unternehmen\/#breadcrumb","itemListElement":[{"@type":"ListItem","position":1,"name":"Startseite","item":"https:\/\/www.mevisco.com\/de\/"},{"@type":"ListItem","position":2,"name":"Unternehmen"}]},{"@type":"WebSite","@id":"https:\/\/www.mevisco.com\/de\/#website","url":"https:\/\/www.mevisco.com\/de\/","name":"mevisco","description":"image processing systems","publisher":{"@id":"https:\/\/www.mevisco.com\/de\/#organization"},"potentialAction":[{"@type":"SearchAction","target":{"@type":"EntryPoint","urlTemplate":"https:\/\/www.mevisco.com\/de\/?s={search_term_string}"},"query-input":{"@type":"PropertyValueSpecification","valueRequired":true,"valueName":"search_term_string"}}],"inLanguage":"de"},{"@type":"Organization","@id":"https:\/\/www.mevisco.com\/de\/#organization","name":"mevisco GmbH & Co. KG","url":"https:\/\/www.mevisco.com\/de\/","logo":{"@type":"ImageObject","inLanguage":"de","@id":"https:\/\/www.mevisco.com\/de\/#\/schema\/logo\/image\/","url":"https:\/\/www.mevisco.com\/wp-content\/uploads\/2019\/09\/mevisco_logo_plain@2x.png","contentUrl":"https:\/\/www.mevisco.com\/wp-content\/uploads\/2019\/09\/mevisco_logo_plain@2x.png","width":340,"height":106,"caption":"mevisco GmbH & Co. KG"},"image":{"@id":"https:\/\/www.mevisco.com\/de\/#\/schema\/logo\/image\/"},"sameAs":["https:\/\/www.linkedin.com\/company\/12262460\/"]}]}},"_links":{"self":[{"href":"https:\/\/www.mevisco.com\/de\/wp-json\/wp\/v2\/pages\/5335","targetHints":{"allow":["GET"]}}],"collection":[{"href":"https:\/\/www.mevisco.com\/de\/wp-json\/wp\/v2\/pages"}],"about":[{"href":"https:\/\/www.mevisco.com\/de\/wp-json\/wp\/v2\/types\/page"}],"author":[{"embeddable":true,"href":"https:\/\/www.mevisco.com\/de\/wp-json\/wp\/v2\/users\/5"}],"replies":[{"embeddable":true,"href":"https:\/\/www.mevisco.com\/de\/wp-json\/wp\/v2\/comments?post=5335"}],"version-history":[{"count":54,"href":"https:\/\/www.mevisco.com\/de\/wp-json\/wp\/v2\/pages\/5335\/revisions"}],"predecessor-version":[{"id":5661,"href":"https:\/\/www.mevisco.com\/de\/wp-json\/wp\/v2\/pages\/5335\/revisions\/5661"}],"wp:attachment":[{"href":"https:\/\/www.mevisco.com\/de\/wp-json\/wp\/v2\/media?parent=5335"}],"wp:term":[{"taxonomy":"category","embeddable":true,"href":"https:\/\/www.mevisco.com\/de\/wp-json\/wp\/v2\/categories?post=5335"}],"curies":[{"name":"wp","href":"https:\/\/api.w.org\/{rel}","templated":true}]}}