{"id":5256,"date":"2022-03-31T17:50:50","date_gmt":"2022-03-31T15:50:50","guid":{"rendered":"https:\/\/www.mevisco.com\/?page_id=5256"},"modified":"2026-03-09T16:32:01","modified_gmt":"2026-03-09T15:32:01","slug":"home","status":"publish","type":"page","link":"https:\/\/www.mevisco.com\/de\/","title":{"rendered":"Home"},"content":{"rendered":"<div class=\"wpb-content-wrapper\"><p>[vc_row full_width=&#8220;stretch_row&#8220; css=&#8220;.vc_custom_1648730758908{padding-top: 2px !important;padding-bottom: 2em !important;background-image: url(https:\/\/www.mevisco.com\/wp-content\/uploads\/2022\/03\/lens-background.webp?id=5239) !important;background-position: center !important;background-repeat: no-repeat !important;background-size: cover !important;}&#8220;][vc_column][vc_row_inner][vc_column_inner][vc_column_text el_class=&#8220;white big&#8220;]<\/p>\n<h1>Bild\u00adverarbeitungs\u00adsysteme zur Qualit\u00e4ts\u00adkontrolle<\/h1>\n<p>[\/vc_column_text][\/vc_column_inner][\/vc_row_inner][vc_row_inner][vc_column_inner width=&#8220;1\/2&#8243;][vc_column_text el_class=&#8220;white big&#8220;]Die automatische optische Inspektion ist ein wesentliches Element in der industriellen Produktion.<\/p>\n<p>Wir liefern Komplettl\u00f6sungen zur Qualit\u00e4tskontrolle. Auch ohne Vorkenntnisse in der industriellen Bildverarbeitung k\u00f6nnen Sie so eine hohe Qualit\u00e4t Ihrer Produkte sicherstellen.[\/vc_column_text][vc_btn title=&#8220;Schauen Sie unsere Bildverarbeitungssysteme an&#8220; style=&#8220;outline&#8220; shape=&#8220;square&#8220; color=&#8220;white&#8220; size=&#8220;lg&#8220; css=&#8220;.vc_custom_1648750789206{margin-top: 2em !important;}&#8220; link=&#8220;url:https%3A%2F%2Fwww.mevisco.com%2Fde%2Fbildverarbeitungssysteme%2F&#8220;][\/vc_column_inner][vc_column_inner width=&#8220;1\/2&#8243;][\/vc_column_inner][\/vc_row_inner][\/vc_column][\/vc_row][vc_section disable_element=&#8220;yes&#8220;][vc_row css=&#8220;.vc_custom_1736147248423{margin-top: 2em !important;margin-bottom: -3em !important;}&#8220;][vc_column][vc_column_text css=&#8220;&#8220;]<\/p>\n<h2 style=\"text-align: center;\">Weihnachten 2025<\/h2>\n<p style=\"text-align: center;\">Weihnachten steht vor der T\u00fcr. Zwischen dem 22. Dezember 2025 und dem 2. Januar 2026 machen auch wir Urlaub und sind nur eingeschr\u00e4nkt verf\u00fcgbar.<\/p>\n<p style=\"text-align: center;\">In Notf\u00e4llen k\u00f6nnen Sie uns unter unserer <a href=\"tel:+49421335090\">zentralen Rufnummer<\/a> erreichen.<\/p>\n<p style=\"text-align: center;\">Wir w\u00fcnschen allen Kunden, Lieferanten und Partnern frohe Weihnachtstage 2025.<\/p>\n<p>[\/vc_column_text][vc_icon type=&#8220;fontawesome&#8220; icon_fontawesome=&#8220;fas fa-holly-berry&#8220; align=&#8220;center&#8220; css=&#8220;.vc_custom_1671750604976{margin-top: -1em !important;margin-bottom: -1em !important;}&#8220;][\/vc_column][\/vc_row][\/vc_section][vc_section css=&#8220;.vc_custom_1742318155281{margin-top: 25px !important;}&#8220;][vc_row disable_element=&#8220;yes&#8220;][vc_column][vc_column_text css=&#8220;&#8220;]<\/p>\n<h2 style=\"text-align: center;\">Sie wollen unsere Systeme live sehen?<\/h2>\n<p style=\"text-align: center;\">Besuchen Sie uns auf der KUTENO in Bad Salzuflen. Wir freuen uns auf Sie!<\/p>\n<p>[\/vc_column_text][\/vc_column][\/vc_row][vc_row][vc_column][vc_column_text css=&#8220;&#8220;]<\/p>\n<h2><\/h2>\n<h2><\/h2>\n<h2 style=\"text-align: center;\">Sie wollen unsere Systeme live sehen?<\/h2>\n<p style=\"text-align: center;\">Besuchen Sie uns auf der KUTENO in Bad Salzuflen. Wir freuen uns auf Sie!<\/p>\n<p>[\/vc_column_text][vc_single_image image=&#8220;5545&#8243; img_size=&#8220;412&#215;80&#8243; alignment=&#8220;center&#8220; onclick=&#8220;custom_link&#8220; img_link_target=&#8220;_blank&#8220; css=&#8220;.vc_custom_1773070318772{margin-top: 5px !important;border-bottom-width: 5px !important;}&#8220; link=&#8220;https:\/\/www.kuteno.de\/&#8220;][vc_column_text css=&#8220;&#8220;]<\/p>\n<p style=\"text-align: center;\">09. &#8211; 11. Juni 2026<br \/>\nMessezentrum<br \/>\nBad Salzuflen<br \/>\n<strong>Stand 20-E23<\/strong><\/p>\n<p>[\/vc_column_text][vc_btn title=&#8220;Gratis Ticket sichern!&#8220; color=&#8220;danger&#8220; align=&#8220;center&#8220; css_animation=&#8220;none&#8220; css=&#8220;&#8220; link=&#8220;url:https%3A%2F%2Fmy.easyfairs.com%2Fregistration-link%2F215396%2F887fb0cb929476bbe45299346ab08d75f75099666e34f141eecf369b2b0a450e|target:_blank&#8220;][\/vc_column][\/vc_row][vc_row disable_element=&#8220;yes&#8220;][vc_column width=&#8220;1\/2&#8243;][vc_single_image image=&#8220;5545&#8243; img_size=&#8220;412&#215;80&#8243; alignment=&#8220;center&#8220; css=&#8220;.vc_custom_1742319306891{margin-top: 5px !important;border-bottom-width: 5px !important;}&#8220;][vc_column_text css=&#8220;&#8220;]<\/p>\n<p style=\"text-align: center;\">13. &#8211; 15. Mai 2025<br \/>\nMessezentrum<br \/>\nBad Salzuflen<br \/>\n<strong>Stand 20-E23<\/strong><\/p>\n<p>[\/vc_column_text][vc_btn title=&#8220;Gratis Ticket KUTENO sichern!&#8220; color=&#8220;danger&#8220; align=&#8220;center&#8220; css_animation=&#8220;none&#8220; css=&#8220;&#8220; link=&#8220;url:https%3A%2F%2Fregister.visitcloud.com%2Fsurvey%2F0ch66d8v39qgn%3Factioncode%3DNTWO000183GKN%26partner-contact%3D3rmxhkvdj70c1%26verifier%3DPOGM3btADLHPW4Z7YTuAk0UIWSs|target:_blank&#8220;][\/vc_column][vc_column width=&#8220;1\/2&#8243;][vc_single_image image=&#8220;5630&#8243; img_size=&#8220;350&#215;90&#8243; alignment=&#8220;center&#8220; css=&#8220;&#8220;][vc_column_text css=&#8220;&#8220;]<\/p>\n<p style=\"text-align: center;\">3. + 4. Juni 2025<br \/>\nHamburg Messe<br \/>\nHalle B6 \/ Eingang S\u00fcd<br \/>\n<strong>Stand 659<\/strong><\/p>\n<p>[\/vc_column_text][vc_btn title=&#8220;Gratis Ticket aaa Hamburg sichern!&#8220; color=&#8220;danger&#8220; align=&#8220;center&#8220; css_animation=&#8220;none&#8220; css=&#8220;&#8220; link=&#8220;url:https%3A%2F%2Fregister.visitcloud.com%2Fsurvey%2F0f47q43rokuar%3Factioncode%3DNTWO000154MJL%26partner-contact%3D3rmxhkvdj70c1%26verifier%3DPOGM3btADLHPW4Z7YTuAk0UIWSs|target:_blank&#8220;][\/vc_column][\/vc_row][vc_row disable_element=&#8220;yes&#8220; css=&#8220;.vc_custom_1742319468183{margin-top: 2em !important;margin-bottom: -3em !important;}&#8220;][vc_column][vc_column_text]<\/p>\n<p style=\"text-align: center;\">Besuchen Sie uns auf der KUTENO im A2 Forum in Rheda-Wiedenbr\u00fcck vom 14.-16. Mai 2024. Wir sind direkt im Eingangsbereich des Foyers <strong>Stand EN-1<\/strong>.<\/p>\n<p>[\/vc_column_text][vc_single_image image=&#8220;5558&#8243; img_size=&#8220;500&#215;140&#8243; css=&#8220;&#8220;][vc_btn title=&#8220;Kostenloses Ticket f\u00fcr die KUTENO&#8220; color=&#8220;danger&#8220; align=&#8220;center&#8220; css_animation=&#8220;fadeIn&#8220; link=&#8220;url:https%3A%2F%2Fregister.visitcloud.com%2Fsurvey%2F2f7x2pqkii1qy%3Factioncode%3DNTWO000150IWU%26partner-contact%3D3rmxhkvdj70c1|target:_blank&#8220;][\/vc_column][\/vc_row][vc_row disable_element=&#8220;yes&#8220;][vc_column][vc_column_text css=&#8220;&#8220;]<\/p>\n<h2>mevisco auf der K-Messe 2025<\/h2>\n<p>Sehen Sie unsere Bildverarbeitungssysteme live auf der K, der international f\u00fchrenden Fachmesse f\u00fcr die Kunststoff- und Kautschukindustrie, und \u00fcberzeugen Sie sich von der Leistung unserer Systeme.<\/p>\n<p>Wir zeigen unsere Systeme auf den St\u00e4nden unserer Partner Ilsemann Automation und Toyo Europe \/ Campetella.[\/vc_column_text][\/vc_column][vc_column width=&#8220;1\/3&#8243;][vc_single_image image=&#8220;5668&#8243; img_size=&#8220;large&#8220; alignment=&#8220;center&#8220; css_animation=&#8220;rotateInUpRight&#8220; css=&#8220;&#8220;][\/vc_column][vc_column width=&#8220;1\/3&#8243;][vc_column_text css=&#8220;&#8220;]<\/p>\n<h3>IML-D\u00fcnnwandverpackungen<\/h3>\n<p>Sehen Sie sich unsere L\u00f6sung f\u00fcr runde IML-D\u00fcnnwandverpackungen auf dem Stand von Toyo Europe an.<br \/>\nDie Pr\u00fcfung auf Hinterspritzungen, Verunreinigungen, Sorte, \u00dcber- und Unterspritzungen findet w\u00e4hrend der Entnahme an einer Campetella-Automation statt.<\/p>\n<p><strong>Halle 13 Stand B11<\/strong>, Toyo Europe[\/vc_column_text][\/vc_column][vc_column width=&#8220;1\/3&#8243;][vc_column_text css=&#8220;&#8220;]<\/p>\n<h3>Wiederverschlie\u00dfbare Verschl\u00fcsse<\/h3>\n<p>Pr\u00fcfung einer Komponente eines wiederverschliessbaren Dosenverschlusse mit 8 Kameras in einer bewegten Einheit auf dem Stand von Ilsemann Automation.<br \/>\nEs werden die Vollst\u00e4ndigkeit der Komponenten und der Siegelfl\u00e4chen gepr\u00fcft sowie die Kavit\u00e4tennummern gelesen.<\/p>\n<p><strong>Halle 12 Stand C22<\/strong>, Ilsemann Automation[\/vc_column_text][\/vc_column][\/vc_row][\/vc_section][vc_row css=&#8220;.vc_custom_1648736181213{margin-top: 2em !important;margin-bottom: 2em !important;padding-top: 35px !important;}&#8220;][vc_column][lab_heading title=&#8220;Industrielle Bildverarbeitung als Full-Service-L\u00f6sung&#8220;][\/lab_heading][vc_row_inner content_placement=&#8220;middle&#8220;][vc_column_inner width=&#8220;1\/2&#8243;][vc_column_text]Seit 1996 entwickelt mevisco ma\u00dfgeschneiderte <a href=\"https:\/\/www.mevisco.com\/de\/automatische-optische-inspektion\/\">L\u00f6sungen zur automatischen optischen Inspektion<\/a>. Wir unterst\u00fctzen Sie von der Machbarkeitsanalyse bis zur Integration in die Maschine.<\/p>\n<p>Unsere <a href=\"https:\/\/www.mevisco.com\/de\/bildverarbeitungssysteme\/\">Bildverarbeitungssysteme<\/a> werden immer individuell an die Kundenanforderungen angepasst. Eingehende Tests in unserem Labor helfen uns, die Bildverarbeitungskomponenten auszuw\u00e4hlen, die f\u00fcr die jeweilige Pr\u00fcfaufgabe optimal geeignet sind.<\/p>\n<p>Zusammen mit unserer Bildverarbeitungssoftware mips und einer umfassenden <a href=\"https:\/\/www.mevisco.com\/de\/service\/\">Serviceunterst\u00fctzung<\/a> erhalten unsere Kunden eine Full-Service-L\u00f6sung f\u00fcr die industrielle Bildverarbeitung aus einer Hand.[\/vc_column_text][\/vc_column_inner][vc_column_inner width=&#8220;1\/2&#8243;][vc_column_text]Gleichzeitig sind unsere Bildverarbeitungssysteme vollst\u00e4ndig offen. Der Kunde kann alle Parameter an dem System \u00e4ndern. So k\u00f6nnen erfahrene Nutzer die Systeme vollst\u00e4ndig selbst bedienen. Unerfahrene Nutzer unterst\u00fctzen wir gerne mit unserer Expertise.<\/p>\n<p>Unsere Arbeit hat bereits viele Kunden aus den Bereichen Automotive, Verpackung und Medizintechnik \u00fcberzeugt.<\/p>\n<p>Wir haben Ihr Interesse geweckt?[\/vc_column_text][vc_btn title=&#8220;Sehen Sie sich unsere Inspektionsl\u00f6sungen an&#8220; style=&#8220;outline&#8220; shape=&#8220;square&#8220; color=&#8220;black&#8220; align=&#8220;center&#8220; link=&#8220;url:https%3A%2F%2Fwww.mevisco.com%2Fde%2Fautomatische-optische-inspektion%2F|title:Optical%20quality%20control&#8220;][\/vc_column_inner][\/vc_row_inner][\/vc_column][\/vc_row][vc_row full_width=&#8220;stretch_row_content_no_spaces&#8220; disable_element=&#8220;yes&#8220; css=&#8220;.vc_custom_1648735281042{padding-top: 35px !important;}&#8220;][vc_column css=&#8220;.vc_custom_1570796922034{background-color: #282828 !important;}&#8220;][lab_heading title=&#8220;SOLUTIONS&#8220; el_class=&#8220;center-title white&#8220; css=&#8220;.vc_custom_1571230599197{margin-bottom: 0px !important;padding-top: 0px !important;padding-bottom: 0px !important;}&#8220;][\/lab_heading][lab_portfolio_items category_filter=&#8220;no&#8220; portfolio_type=&#8220;type-2&#8243; columns=&#8220;5&#8243; portfolio_spacing=&#8220;no&#8220; portfolio_full_width=&#8220;yes&#8220; pagination_type=&#8220;hide&#8220; portfolio_query=&#8220;size:5|order_by:date|order:DESC|post_type:portfolio|tax_query:40&#8243; css=&#8220;.vc_custom_1571311902993{margin-bottom: 0px !important;}&#8220;][vc_row_inner css=&#8220;.vc_custom_1597913694557{margin-top: 10px !important;margin-bottom: 5px !important;}&#8220;][vc_column_inner el_class=&#8220;right-text&#8220;][lab_button title=&#8220;More solutions&#8220; type=&#8220;outlined-bg&#8220; size=&#8220;btn-large&#8220; button_bg=&#8220;btn-white&#8220; link=&#8220;url:https%3A%2F%2Fwww.mevisco.com%2Fen%2Fsolutions%2F|title:Solutions||&#8220;][\/vc_column_inner][\/vc_row_inner][\/vc_column][\/vc_row][vc_row full_width=&#8220;stretch_row&#8220; css_animation=&#8220;none&#8220; css=&#8220;.vc_custom_1648739148028{border-top-width: 1px !important;border-bottom-width: 1px !important;background-color: #f7f7f7 !important;border-top-color: #dbdbdb !important;border-top-style: solid !important;border-bottom-color: #dbdbdb !important;border-bottom-style: solid !important;}&#8220;][vc_column][lab_heading title=&#8220;Referenzen&#8220; el_class=&#8220;center-title&#8220;][\/lab_heading][vc_row_inner][vc_column_inner width=&#8220;1\/6&#8243;][vc_single_image image=&#8220;2906&#8243; img_size=&#8220;medium&#8220; alignment=&#8220;center&#8220;][\/vc_column_inner][vc_column_inner width=&#8220;1\/6&#8243;][vc_single_image image=&#8220;2900&#8243; img_size=&#8220;medium&#8220; alignment=&#8220;center&#8220;][\/vc_column_inner][vc_column_inner width=&#8220;1\/6&#8243;][vc_single_image image=&#8220;2780&#8243; img_size=&#8220;medium&#8220; alignment=&#8220;center&#8220;][\/vc_column_inner][vc_column_inner width=&#8220;1\/6&#8243;][vc_single_image image=&#8220;3352&#8243; img_size=&#8220;medium&#8220; alignment=&#8220;center&#8220;][\/vc_column_inner][vc_column_inner width=&#8220;1\/6&#8243;][vc_single_image image=&#8220;2787&#8243; img_size=&#8220;medium&#8220; alignment=&#8220;center&#8220;][\/vc_column_inner][vc_column_inner width=&#8220;1\/6&#8243;][vc_single_image image=&#8220;2856&#8243; img_size=&#8220;medium&#8220; alignment=&#8220;center&#8220;][\/vc_column_inner][\/vc_row_inner][vc_row_inner][vc_column_inner][vc_btn title=&#8220;Weitere Referenzen&#8220; style=&#8220;outline&#8220; shape=&#8220;square&#8220; color=&#8220;inverse&#8220; align=&#8220;center&#8220; css=&#8220;.vc_custom_1648749042555{margin-top: 2em !important;}&#8220; link=&#8220;url:https%3A%2F%2Fwww.mevisco.com%2Fde%2Freferenzen%2F|title:References&#8220;][\/vc_column_inner][\/vc_row_inner][\/vc_column][\/vc_row][vc_row css=&#8220;.vc_custom_1648740747493{margin-top: 3em !important;margin-bottom: 2em !important;}&#8220;][vc_column][vc_column_text]<\/p>\n<h2>Kennen Sie Digimarc?<\/h2>\n<p>[\/vc_column_text][vc_row_inner equal_height=&#8220;yes&#8220; gap=&#8220;20&#8243;][vc_column_inner width=&#8220;1\/6&#8243;][\/vc_column_inner][vc_column_inner width=&#8220;2\/3&#8243;][vc_single_image image=&#8220;4335&#8243; img_size=&#8220;large&#8220; alignment=&#8220;center&#8220; css_animation=&#8220;bounceInUp&#8220;][\/vc_column_inner][vc_column_inner width=&#8220;1\/6&#8243;][\/vc_column_inner][\/vc_row_inner][vc_column_text]<\/p>\n<p style=\"text-align: center;\">Digimarc ist ein digitales Wasserzeichen. Es kann auf alle Arten von Oberfl\u00e4chen aufgebracht werden. Digimarc-Wasserzeichen sind f\u00fcr das menschliche Auge nicht wahrnehmbar, k\u00f6nnen aber von Scannern oder Bildverarbeitungssystemen gelesen werden. Dadurch er\u00f6ffnen sich f\u00fcr Digimarc interessante Anwendungsm\u00f6glichkeiten. Eine Schl\u00fcsselanwendung ist die Initiative Holy Grail 2.0, die darauf abzielt, den Recyclingprozess zu verbessern.<\/p>\n<p>[\/vc_column_text][vc_btn title=&#8220;Erfahren Sie mehr \u00fcber Digimarc und Holy Grail 2.0&#8243; style=&#8220;outline&#8220; shape=&#8220;square&#8220; color=&#8220;black&#8220; align=&#8220;center&#8220; link=&#8220;url:https%3A%2F%2Fwww.mevisco.com%2Fde%2Fdigimarc%2F|title:Digimarc&#8220;][\/vc_column][\/vc_row][vc_row full_width=&#8220;stretch_row&#8220; css=&#8220;.vc_custom_1648740771390{margin-bottom: 2em !important;padding-top: 3em !important;padding-bottom: 3em !important;background-image: url(https:\/\/www.mevisco.com\/wp-content\/uploads\/2021\/09\/Dashboard_Screen_Dark2-scaled.jpg?id=4245) !important;background-position: center !important;background-repeat: no-repeat !important;background-size: cover !important;}&#8220;][vc_column][vc_column_text el_class=&#8220;white&#8220;]<\/p>\n<h2>Genaue Produktionsstatistik mit mevisco Bildverarbeitungssystemen<\/h2>\n<p>&nbsp;<\/p>\n<p>Bildverarbeitungssysteme erkennen fehlerhafte Produkte im Produktionsprozess. Dies kann nicht nur zur Sortierung in Gut- und Schlechtteile genutzt werden, sondern auch zur Optimierung des Produktionsprozesses. Erfahren Sie, was die Produktionsstatistiken der mevisco Bildverarbeitungssysteme an Daten liefern und wie Sie auf diese Daten zugreifen k\u00f6nnen.[\/vc_column_text][vc_btn title=&#8220;Mehr zur Produktionsstatistik&#8220; style=&#8220;outline&#8220; shape=&#8220;square&#8220; color=&#8220;white&#8220; align=&#8220;center&#8220; css=&#8220;.vc_custom_1648751139923{margin-top: 2em !important;}&#8220; link=&#8220;url:https%3A%2F%2Fwww.mevisco.com%2Fde%2Flogdatabase-dashboard%2F|title:LogDatabase%20%26%20Dashboard&#8220;][\/vc_column][\/vc_row][vc_row css=&#8220;.vc_custom_1648739017828{margin-top: 4em !important;}&#8220;][vc_column][vc_column_text]<\/p>\n<h2>Qualit\u00e4tskontrolle von IML-Verpackungen (In-Mould-Labelling)<\/h2>\n<p>[\/vc_column_text][vc_row_inner content_placement=&#8220;middle&#8220;][vc_column_inner width=&#8220;1\/3&#8243;][vc_single_image image=&#8220;5248&#8243; img_size=&#8220;large&#8220; alignment=&#8220;center&#8220; css_animation=&#8220;fadeIn&#8220;][\/vc_column_inner][vc_column_inner width=&#8220;2\/3&#8243;][vc_column_text]Die automatische optische Inspektion von IML-Verpackungen (In-Mould-Labelling) ist eine anspruchsvolle Aufgabe f\u00fcr Bildverarbeitungssysteme. Kleinste Fehler m\u00fcssen gefunden werden und bei der Pr\u00fcfung direkt am Handling m\u00fcssen die Systeme gleichzeitig bei extrem hohen Bewegungsgeschwindigkeiten arbeiten k\u00f6nnen.[\/vc_column_text][vc_btn title=&#8220;Sehen Sie sich unsere IML-Inspektionsl\u00f6sung an&#8220; style=&#8220;outline&#8220; shape=&#8220;square&#8220; color=&#8220;black&#8220; align=&#8220;center&#8220; link=&#8220;url:https%3A%2F%2Fwww.mevisco.com%2Fde%2Fqualitaetskontrolle-iml-verpackungen%2F|title:Quality%20Control%20of%20IML%20Packaging&#8220;][\/vc_column_inner][\/vc_row_inner][\/vc_column][\/vc_row]<\/p>\n<\/div>","protected":false},"excerpt":{"rendered":"<p>[vc_row full_width=&#8220;stretch_row&#8220; css=&#8220;.vc_custom_1648730758908{padding-top: 2px !important;padding-bottom: 2em !important;background-image: url(https:\/\/www.mevisco.com\/wp-content\/uploads\/2022\/03\/lens-background.webp?id=5239) !important;background-position: center !important;background-repeat: no-repeat !important;background-size: cover !important;}&#8220;][vc_column][vc_row_inner][vc_column_inner][vc_column_text el_class=&#8220;white big&#8220;] Bild\u00adverarbeitungs\u00adsysteme zur Qualit\u00e4ts\u00adkontrolle [\/vc_column_text][\/vc_column_inner][\/vc_row_inner][vc_row_inner][vc_column_inner width=&#8220;1\/2&#8243;][vc_column_text el_class=&#8220;white big&#8220;]Die automatische optische Inspektion ist ein wesentliches Element in der industriellen Produktion. Wir liefern Komplettl\u00f6sungen zur Qualit\u00e4tskontrolle. Auch ohne Vorkenntnisse in der industriellen Bildverarbeitung k\u00f6nnen Sie so eine hohe Qualit\u00e4t Ihrer Produkte&hellip;<\/p>\n","protected":false},"author":5,"featured_media":0,"parent":0,"menu_order":0,"comment_status":"closed","ping_status":"closed","template":"","meta":{"_acf_changed":false,"footnotes":""},"categories":[],"class_list":["post-5256","page","type-page","status-publish","hentry"],"acf":[],"yoast_head":"<!-- This site is optimized with the Yoast SEO plugin v27.3 - https:\/\/yoast.com\/product\/yoast-seo-wordpress\/ -->\n<title>Bildverarbeitungssysteme zur automatischen Qualit\u00e4tskontrolle<\/title>\n<meta name=\"description\" content=\"Automatische optische Inspektion mit mevisco Bildverarbeitungssystemen zur Qualit\u00e4tskontrolle f\u00fcr die Industrie.\" \/>\n<meta name=\"robots\" content=\"index, follow, max-snippet:-1, max-image-preview:large, max-video-preview:-1\" \/>\n<link rel=\"canonical\" href=\"https:\/\/www.mevisco.com\/de\/\" \/>\n<meta property=\"og:locale\" content=\"de_DE\" \/>\n<meta property=\"og:type\" content=\"article\" \/>\n<meta property=\"og:title\" content=\"Bildverarbeitungssysteme zur automatischen Qualit\u00e4tskontrolle\" \/>\n<meta property=\"og:description\" content=\"Automatische optische Inspektion mit mevisco Bildverarbeitungssystemen zur Qualit\u00e4tskontrolle f\u00fcr die Industrie.\" \/>\n<meta property=\"og:url\" content=\"https:\/\/www.mevisco.com\/de\/\" \/>\n<meta property=\"og:site_name\" content=\"mevisco\" \/>\n<meta property=\"article:modified_time\" content=\"2026-03-09T15:32:01+00:00\" \/>\n<meta name=\"twitter:card\" content=\"summary_large_image\" \/>\n<script type=\"application\/ld+json\" class=\"yoast-schema-graph\">{\"@context\":\"https:\\\/\\\/schema.org\",\"@graph\":[{\"@type\":\"WebPage\",\"@id\":\"https:\\\/\\\/www.mevisco.com\\\/de\\\/\",\"url\":\"https:\\\/\\\/www.mevisco.com\\\/de\\\/\",\"name\":\"Bildverarbeitungssysteme zur automatischen Qualit\u00e4tskontrolle\",\"isPartOf\":{\"@id\":\"https:\\\/\\\/www.mevisco.com\\\/de\\\/#website\"},\"datePublished\":\"2022-03-31T15:50:50+00:00\",\"dateModified\":\"2026-03-09T15:32:01+00:00\",\"description\":\"Automatische optische Inspektion mit mevisco Bildverarbeitungssystemen zur Qualit\u00e4tskontrolle f\u00fcr die Industrie.\",\"breadcrumb\":{\"@id\":\"https:\\\/\\\/www.mevisco.com\\\/de\\\/#breadcrumb\"},\"inLanguage\":\"de\",\"potentialAction\":[{\"@type\":\"ReadAction\",\"target\":[\"https:\\\/\\\/www.mevisco.com\\\/de\\\/\"]}]},{\"@type\":\"BreadcrumbList\",\"@id\":\"https:\\\/\\\/www.mevisco.com\\\/de\\\/#breadcrumb\",\"itemListElement\":[{\"@type\":\"ListItem\",\"position\":1,\"name\":\"Startseite\",\"item\":\"https:\\\/\\\/www.mevisco.com\\\/de\\\/\"},{\"@type\":\"ListItem\",\"position\":2,\"name\":\"Home\"}]},{\"@type\":\"WebSite\",\"@id\":\"https:\\\/\\\/www.mevisco.com\\\/de\\\/#website\",\"url\":\"https:\\\/\\\/www.mevisco.com\\\/de\\\/\",\"name\":\"mevisco\",\"description\":\"image processing systems\",\"publisher\":{\"@id\":\"https:\\\/\\\/www.mevisco.com\\\/de\\\/#organization\"},\"potentialAction\":[{\"@type\":\"SearchAction\",\"target\":{\"@type\":\"EntryPoint\",\"urlTemplate\":\"https:\\\/\\\/www.mevisco.com\\\/de\\\/?s={search_term_string}\"},\"query-input\":{\"@type\":\"PropertyValueSpecification\",\"valueRequired\":true,\"valueName\":\"search_term_string\"}}],\"inLanguage\":\"de\"},{\"@type\":\"Organization\",\"@id\":\"https:\\\/\\\/www.mevisco.com\\\/de\\\/#organization\",\"name\":\"mevisco GmbH & Co. KG\",\"url\":\"https:\\\/\\\/www.mevisco.com\\\/de\\\/\",\"logo\":{\"@type\":\"ImageObject\",\"inLanguage\":\"de\",\"@id\":\"https:\\\/\\\/www.mevisco.com\\\/de\\\/#\\\/schema\\\/logo\\\/image\\\/\",\"url\":\"https:\\\/\\\/www.mevisco.com\\\/wp-content\\\/uploads\\\/2019\\\/09\\\/mevisco_logo_plain@2x.png\",\"contentUrl\":\"https:\\\/\\\/www.mevisco.com\\\/wp-content\\\/uploads\\\/2019\\\/09\\\/mevisco_logo_plain@2x.png\",\"width\":340,\"height\":106,\"caption\":\"mevisco GmbH & Co. KG\"},\"image\":{\"@id\":\"https:\\\/\\\/www.mevisco.com\\\/de\\\/#\\\/schema\\\/logo\\\/image\\\/\"},\"sameAs\":[\"https:\\\/\\\/www.linkedin.com\\\/company\\\/12262460\\\/\"]}]}<\/script>\n<!-- \/ Yoast SEO plugin. -->","yoast_head_json":{"title":"Bildverarbeitungssysteme zur automatischen Qualit\u00e4tskontrolle","description":"Automatische optische Inspektion mit mevisco Bildverarbeitungssystemen zur Qualit\u00e4tskontrolle f\u00fcr die Industrie.","robots":{"index":"index","follow":"follow","max-snippet":"max-snippet:-1","max-image-preview":"max-image-preview:large","max-video-preview":"max-video-preview:-1"},"canonical":"https:\/\/www.mevisco.com\/de\/","og_locale":"de_DE","og_type":"article","og_title":"Bildverarbeitungssysteme zur automatischen Qualit\u00e4tskontrolle","og_description":"Automatische optische Inspektion mit mevisco Bildverarbeitungssystemen zur Qualit\u00e4tskontrolle f\u00fcr die Industrie.","og_url":"https:\/\/www.mevisco.com\/de\/","og_site_name":"mevisco","article_modified_time":"2026-03-09T15:32:01+00:00","twitter_card":"summary_large_image","schema":{"@context":"https:\/\/schema.org","@graph":[{"@type":"WebPage","@id":"https:\/\/www.mevisco.com\/de\/","url":"https:\/\/www.mevisco.com\/de\/","name":"Bildverarbeitungssysteme zur automatischen Qualit\u00e4tskontrolle","isPartOf":{"@id":"https:\/\/www.mevisco.com\/de\/#website"},"datePublished":"2022-03-31T15:50:50+00:00","dateModified":"2026-03-09T15:32:01+00:00","description":"Automatische optische Inspektion mit mevisco Bildverarbeitungssystemen zur Qualit\u00e4tskontrolle f\u00fcr die Industrie.","breadcrumb":{"@id":"https:\/\/www.mevisco.com\/de\/#breadcrumb"},"inLanguage":"de","potentialAction":[{"@type":"ReadAction","target":["https:\/\/www.mevisco.com\/de\/"]}]},{"@type":"BreadcrumbList","@id":"https:\/\/www.mevisco.com\/de\/#breadcrumb","itemListElement":[{"@type":"ListItem","position":1,"name":"Startseite","item":"https:\/\/www.mevisco.com\/de\/"},{"@type":"ListItem","position":2,"name":"Home"}]},{"@type":"WebSite","@id":"https:\/\/www.mevisco.com\/de\/#website","url":"https:\/\/www.mevisco.com\/de\/","name":"mevisco","description":"image processing systems","publisher":{"@id":"https:\/\/www.mevisco.com\/de\/#organization"},"potentialAction":[{"@type":"SearchAction","target":{"@type":"EntryPoint","urlTemplate":"https:\/\/www.mevisco.com\/de\/?s={search_term_string}"},"query-input":{"@type":"PropertyValueSpecification","valueRequired":true,"valueName":"search_term_string"}}],"inLanguage":"de"},{"@type":"Organization","@id":"https:\/\/www.mevisco.com\/de\/#organization","name":"mevisco GmbH & Co. KG","url":"https:\/\/www.mevisco.com\/de\/","logo":{"@type":"ImageObject","inLanguage":"de","@id":"https:\/\/www.mevisco.com\/de\/#\/schema\/logo\/image\/","url":"https:\/\/www.mevisco.com\/wp-content\/uploads\/2019\/09\/mevisco_logo_plain@2x.png","contentUrl":"https:\/\/www.mevisco.com\/wp-content\/uploads\/2019\/09\/mevisco_logo_plain@2x.png","width":340,"height":106,"caption":"mevisco GmbH & Co. KG"},"image":{"@id":"https:\/\/www.mevisco.com\/de\/#\/schema\/logo\/image\/"},"sameAs":["https:\/\/www.linkedin.com\/company\/12262460\/"]}]}},"_links":{"self":[{"href":"https:\/\/www.mevisco.com\/de\/wp-json\/wp\/v2\/pages\/5256","targetHints":{"allow":["GET"]}}],"collection":[{"href":"https:\/\/www.mevisco.com\/de\/wp-json\/wp\/v2\/pages"}],"about":[{"href":"https:\/\/www.mevisco.com\/de\/wp-json\/wp\/v2\/types\/page"}],"author":[{"embeddable":true,"href":"https:\/\/www.mevisco.com\/de\/wp-json\/wp\/v2\/users\/5"}],"replies":[{"embeddable":true,"href":"https:\/\/www.mevisco.com\/de\/wp-json\/wp\/v2\/comments?post=5256"}],"version-history":[{"count":69,"href":"https:\/\/www.mevisco.com\/de\/wp-json\/wp\/v2\/pages\/5256\/revisions"}],"predecessor-version":[{"id":5740,"href":"https:\/\/www.mevisco.com\/de\/wp-json\/wp\/v2\/pages\/5256\/revisions\/5740"}],"wp:attachment":[{"href":"https:\/\/www.mevisco.com\/de\/wp-json\/wp\/v2\/media?parent=5256"}],"wp:term":[{"taxonomy":"category","embeddable":true,"href":"https:\/\/www.mevisco.com\/de\/wp-json\/wp\/v2\/categories?post=5256"}],"curies":[{"name":"wp","href":"https:\/\/api.w.org\/{rel}","templated":true}]}}