{"id":4634,"date":"2022-01-10T17:51:05","date_gmt":"2022-01-10T16:51:05","guid":{"rendered":"https:\/\/www.mevisco.com\/?page_id=4634"},"modified":"2022-03-31T20:40:06","modified_gmt":"2022-03-31T18:40:06","slug":"oberflaecheninspektion","status":"publish","type":"page","link":"https:\/\/www.mevisco.com\/de\/oberflaecheninspektion\/","title":{"rendered":"Oberfl\u00e4cheninspektion"},"content":{"rendered":"<div class=\"wpb-content-wrapper\"><p>[vc_section][vc_row][vc_column][vc_column_text el_class=&#8220;subtitle&#8220;]<\/p>\n<h1>Oberfl\u00e4cheninspektion<\/h1>\n<p>Optische Kontrolle von matten und gl\u00e4nzenden Oberfl\u00e4chen[\/vc_column_text][\/vc_column][\/vc_row][vc_row][vc_column][vc_column_text]<span style=\"font-size: 18px;\">Makellose Oberfl\u00e4chen sind ein Qualit\u00e4tsmerkmal. Verschmutzungen, Risse, Kratzer und Dellen mindern die Wertigkeit eines Produkts oder f\u00fchren sogar zu dessen Unbrauchbarkeit.<\/span><\/p>\n<p><span style=\"font-size: 18px;\">Eine menschliche\u00a0 Oberfl\u00e4cheninspektion ist langsam und teuer. Zudem gibt es Schwankungen in der Qualit\u00e4tsbewertung und die Fehleranf\u00e4lligkeit ist hoch. Mit einem Bildverarbeitungssystemen kann eine zuverl\u00e4ssige Qualit\u00e4tskontrolle der Oberfl\u00e4chen sichergestellt werden.<br \/>\n<\/span>[\/vc_column_text][\/vc_column][\/vc_row][\/vc_section][vc_section][vc_row css_animation=&#8220;none&#8220;][vc_column css_animation=&#8220;none&#8220;][vc_row_inner equal_height=&#8220;yes&#8220; gap=&#8220;20&#8243;][vc_column_inner width=&#8220;1\/3&#8243; css=&#8220;.vc_custom_1645094433562{border-top-width: 2px !important;border-right-width: 2px !important;border-bottom-width: 2px !important;border-left-width: 2px !important;background-color: #b8d3c6 !important;border-left-color: #155c34 !important;border-left-style: solid !important;border-right-color: #155c34 !important;border-right-style: solid !important;border-top-color: #155c34 !important;border-top-style: solid !important;border-bottom-color: #155c34 !important;border-bottom-style: solid !important;border-radius: 10px !important;}&#8220;][vc_column_text css=&#8220;.vc_custom_1645200241256{border-radius: 10px !important;}&#8220; el_class=&#8220;black&#8220;]<\/p>\n<h3 style=\"text-align: center;\">Matte &amp; gl\u00e4nzende Oberfl\u00e4chen<\/h3>\n<p>[\/vc_column_text][vc_separator color=&#8220;black&#8220; css=&#8220;.vc_custom_1645094294605{padding-right: 4em !important;padding-left: 4em !important;}&#8220;][vc_column_text css=&#8220;.vc_custom_1648751868413{padding-right: 1em !important;padding-bottom: 1em !important;padding-left: 1em !important;}&#8220;]Verschiedene Oberfl\u00e4chen ben\u00f6tigen verschiedene Verfahren zur Oberfl\u00e4cheninspektion.<\/p>\n<p>Wir setzen, passend zur jeweiligen Oberfl\u00e4che, unterschiedlichste Verfahren ein.[\/vc_column_text][\/vc_column_inner][vc_column_inner width=&#8220;1\/3&#8243; css=&#8220;.vc_custom_1645094776485{border-top-width: 2px !important;border-right-width: 2px !important;border-bottom-width: 2px !important;border-left-width: 2px !important;background-color: #b8d3c6 !important;border-left-color: #155c34 !important;border-left-style: solid !important;border-right-color: #155c34 !important;border-right-style: solid !important;border-top-color: #155c34 !important;border-top-style: solid !important;border-bottom-color: #155c34 !important;border-bottom-style: solid !important;border-radius: 10px !important;}&#8220;][vc_column_text css=&#8220;.vc_custom_1645202593704{border-radius: 10px !important;}&#8220; el_class=&#8220;black&#8220;]<\/p>\n<h3 style=\"text-align: center;\">Individuell Einstellbar<\/h3>\n<p>[\/vc_column_text][vc_separator color=&#8220;black&#8220; css=&#8220;.vc_custom_1645094294605{padding-right: 4em !important;padding-left: 4em !important;}&#8220;][vc_column_text css=&#8220;.vc_custom_1645202976461{padding-right: 1em !important;padding-bottom: 1em !important;padding-left: 1em !important;}&#8220;]Stellen Sie Ihre zul\u00e4ssigen Fehlergr\u00f6\u00dfen ein.<\/p>\n<p>Bestimmen Sie beispielsweise die zul\u00e4ssige Fehlerfl\u00e4che f\u00fcr Verschmutzungen in mm\u00b2.[\/vc_column_text][\/vc_column_inner][vc_column_inner width=&#8220;1\/3&#8243; css=&#8220;.vc_custom_1645095042190{border-top-width: 2px !important;border-right-width: 2px !important;border-bottom-width: 2px !important;border-left-width: 2px !important;background-color: #b8d3c6 !important;border-left-color: #155c34 !important;border-left-style: solid !important;border-right-color: #155c34 !important;border-right-style: solid !important;border-top-color: #155c34 !important;border-top-style: solid !important;border-bottom-color: #155c34 !important;border-bottom-style: solid !important;border-radius: 10px !important;}&#8220;][vc_column_text css=&#8220;.vc_custom_1645200579559{border-radius: 10px !important;}&#8220; el_class=&#8220;black&#8220;]<\/p>\n<h3 style=\"text-align: center;\">H\u00f6chste Genauigkeit<\/h3>\n<p>[\/vc_column_text][vc_separator color=&#8220;black&#8220; css=&#8220;.vc_custom_1645094294605{padding-right: 4em !important;padding-left: 4em !important;}&#8220;][vc_column_text css=&#8220;.vc_custom_1645793687802{padding-right: 1em !important;padding-bottom: 1em !important;padding-left: 1em !important;}&#8220;]Unsere Bildverarbeitungssysteme verwenden hochaufl\u00f6sende Kameras. Damit lassen sich kleinste Fehler zuverl\u00e4ssig detektieren.[\/vc_column_text][\/vc_column_inner][\/vc_row_inner][\/vc_column][\/vc_row][\/vc_section][vc_section][vc_row full_width=&#8220;stretch_row&#8220; parallax=&#8220;content-moving&#8220; parallax_image=&#8220;4693&#8243; css=&#8220;.vc_custom_1645201811914{margin-top: 2em !important;margin-bottom: 3em !important;padding-top: 8em !important;padding-bottom: 8em !important;}&#8220;][vc_column][vc_column_text css_animation=&#8220;fadeInUp&#8220; el_class=&#8220;white big&#8220;]<\/p>\n<h2>Vielf\u00e4ltige Einsatzgebiete von Oberfl\u00e4cheninspektionen<\/h2>\n<p>Das Einsatzgebiet f\u00fcr Oberfl\u00e4chenpr\u00fcfungen ist gro\u00df. Soll eine metallische Dichtfl\u00e4che, ein optisches Kunstoffteil oder Folie als Bahnware gep\u00fcft werden? All diese Produkte ben\u00f6tigen ein speziell ausgelegtes Pr\u00fcfverfahren.<\/p>\n<p>Unser Labor ist mit einer Vielzahl an Kameras und Beleuchtungen ausgestattetet. Wir w\u00e4hlen f\u00fcr Ihr Produkt das passende Verfahren aus und k\u00f6nnen die Pr\u00fcfung bei uns im Labor mit Ihren Musterteilen nachstellen. Dies gew\u00e4hrleistet ein von Anfang an optimal ausgelegtes Bildverarbeitungssystem, welches nach der Integration in die Maschine direkt einsatzbereit ist und eine 100% Kontrolle Ihrer Produktqualit\u00e4t gew\u00e4hrleistet.<\/p>\n<p>Bei der Laboruntersuchung ber\u00fccksichtigen wir die verschiedensten Oberfl\u00e4chen. Ist die Oberfl\u00e4che matt, hochgl\u00e4nzend oder gar spiegelnd? Ist sie plan oder gekr\u00fcmmt? Ist die Oberfl\u00e4che glatt, rau oder hat eine nat\u00fcrliche Struktur?<\/p>\n<p>Sie erhalten ein Pr\u00fcfsystem, das individuell auf Ihre Aufgabenstellung abgestimmt ist.[\/vc_column_text][\/vc_column][\/vc_row][\/vc_section][vc_section css=&#8220;.vc_custom_1645201822753{margin-bottom: 1em !important;}&#8220;][vc_row][vc_column][vc_column_text]<\/p>\n<h2>Deflektometrie &#8211; Oberfl\u00e4cheninspektion von gl\u00e4nzenden Oberfl\u00e4chen<\/h2>\n<p>Die Deflektometrie ist ein innovatives Verfahren der Oberfl\u00e4cheninspektion. Es kann f\u00fcr gl\u00e4nzende oder spiegelnde Oberfl\u00e4chen eingesetzt werden.<\/p>\n<p>Feinste Oberfl\u00e4chenfehler, die mit herk\u00f6mmlichen Verfahren nicht erkannt werden k\u00f6nnen, k\u00f6nnen mit Hilfe der Deflektometrie sichtbar gemacht werden.<\/p>\n<p>Bei dem Verfahren werden verschiedene Muster auf das Pr\u00fcfobjekt projiziert. Die Musterbilder werden dann algorithmisch ausgewertet und erzeugen ein neues Bild, in dem selbst feinste Kratzer sichtbar sind.[\/vc_column_text][\/vc_column][\/vc_row][vc_row][vc_column width=&#8220;1\/6&#8243;][\/vc_column][vc_column width=&#8220;2\/3&#8243;]<div id=\"twenty20-1\" class=\"twenty20\" style=\"width: 100% !important; clear: both;\"><div class=\"twentytwenty-container twenty20-1 \"><img decoding=\"async\" src=\"https:\/\/www.mevisco.com\/wp-content\/uploads\/2022\/03\/switch-common-scratches.png.webp\" alt=\"Herk\u00f6mmliche Beleuchtung Kratzer auf gl\u00e4nzendem Schalter\" \/><img decoding=\"async\" src=\"https:\/\/www.mevisco.com\/wp-content\/uploads\/2022\/03\/switch-deflectometrye-scratches.webp\" alt=\"Deflektometrie Kratzer auf gl\u00e4nzendem Schalter\" \/><\/div><\/div>[\/vc_column][vc_column width=&#8220;1\/6&#8243;][\/vc_column][\/vc_row][vc_row][vc_column][vc_column_text]<\/p>\n<p style=\"text-align: center;\"><em>Deflektometrieanwendung am Beispiel eines hochgl\u00e4nzenden Schalters: Im linken Bild mit herk\u00f6mmlicher Beleuchtung sind Kratzer kaum zu erkennen. Im rechten Bild, das mit dem Deflektometrieverfahren erstellt wurde, sind Kratzer deutlich zu erkennen.<br \/>\n<\/em><\/p>\n<p>[\/vc_column_text][\/vc_column][\/vc_row][\/vc_section][vc_row disable_element=&#8220;yes&#8220; css=&#8220;.vc_custom_1645200707776{margin-top: 3em !important;margin-bottom: 3em !important;padding-right: 1em !important;padding-left: 1em !important;}&#8220;][vc_column css_animation=&#8220;fadeInUp&#8220;][vc_row_inner equal_height=&#8220;yes&#8220; gap=&#8220;25&#8243;][vc_column_inner width=&#8220;1\/4&#8243; css=&#8220;.vc_custom_1641828701006{background-color: #b8d3c6 !important;border-radius: 10px !important;}&#8220;][vc_column_text css=&#8220;.vc_custom_1641826880988{padding-top: 1em !important;padding-bottom: 1em !important;background-color: #155c34 !important;border-radius: 10px !important;}&#8220;]<\/p>\n<h3 style=\"text-align: center;\"><span style=\"color: #ffffff;\">Matte &amp; gl\u00e4nzende Oberfl\u00e4chen<\/span><\/h3>\n<p>[\/vc_column_text][vc_column_text css=&#8220;.vc_custom_1641829305862{padding-top: 1em !important;padding-right: 1em !important;padding-bottom: 1em !important;padding-left: 1em !important;}&#8220;]Verschiedene Oberfl\u00e4chen ben\u00f6tigen verschiedene optische Inspektionsverfahren.<\/p>\n<p>Wir setzen, passend zur jeweiligen Oberfl\u00e4che, unterschiedlichste Verfahren ein .[\/vc_column_text][\/vc_column_inner][vc_column_inner width=&#8220;1\/4&#8243; css=&#8220;.vc_custom_1641828691993{background-color: #d3c0d2 !important;border-radius: 10px !important;}&#8220;][vc_column_text css=&#8220;.vc_custom_1641829049662{padding-top: 1.75em !important;padding-bottom: 1.75em !important;background-color: #390b46 !important;border-radius: 10px !important;}&#8220;]<\/p>\n<h3 style=\"text-align: center;\"><span style=\"color: #ffffff;\">100% Inline-Kontrolle<\/span><\/h3>\n<p>[\/vc_column_text][vc_column_text css=&#8220;.vc_custom_1641829088447{padding-top: 1em !important;padding-right: 1em !important;padding-bottom: 1em !important;padding-left: 1em !important;}&#8220;]Pr\u00fcfen sie 100% alle produzierten Teile w\u00e4hrend der Produktion.<\/p>\n<p>Reagieren Sie schnell auf Produktionsschwankungen.[\/vc_column_text][\/vc_column_inner][vc_column_inner width=&#8220;1\/4&#8243; css=&#8220;.vc_custom_1641828679490{background-color: #c3dce2 !important;border-radius: 10px !important;}&#8220;][vc_column_text css=&#8220;.vc_custom_1641828549124{padding-top: 1em !important;padding-bottom: 1em !important;background-color: #104f59 !important;border-radius: 10px !important;}&#8220;]<\/p>\n<h3 style=\"text-align: center;\"><span style=\"color: #ffffff;\">Matte &amp; gl\u00e4nzende Oberfl\u00e4chen<\/span><\/h3>\n<p>[\/vc_column_text][vc_column_text css=&#8220;.vc_custom_1641826819434{padding-top: 1em !important;padding-right: 1em !important;padding-bottom: 1em !important;padding-left: 1em !important;}&#8220;]I am text block. Click edit button to change this text. Lorem ipsum dolor sit amet, consectetur adipiscing elit. Ut elit tellus, luctus nec ullamcorper mattis, pulvinar dapibus leo.[\/vc_column_text][\/vc_column_inner][vc_column_inner width=&#8220;1\/4&#8243; css=&#8220;.vc_custom_1641828627717{background-color: #ddceb5 !important;border-radius: 10px !important;}&#8220;][vc_column_text css=&#8220;.vc_custom_1641828831185{padding-top: 1em !important;padding-bottom: 1em !important;background-color: #aa6c01 !important;border-radius: 10px !important;}&#8220;]<\/p>\n<h3 style=\"text-align: center;\"><span style=\"color: #ffffff;\">Kombinierbar mit\u00a0 anderern Pr\u00fcfungen<br \/>\n<\/span><\/h3>\n<p>[\/vc_column_text][vc_column_text css=&#8220;.vc_custom_1641829224131{padding-top: 1em !important;padding-right: 1em !important;padding-bottom: 1em !important;padding-left: 1em !important;}&#8220;]Kombinieren Sie die Oberfl\u00e4chenpr\u00fcfung mit <a href=\"https:\/\/www.mevisco.com\/en\/solutions\/\">anderen Pr\u00fcfungen<\/a>.<\/p>\n<p>Verwenden Sie dabei die gleiche Hardware und erhalten eine <a href=\"https:\/\/www.mevisco.com\/en\/logdatabase-dashboard\/\">gemeinsame Statistik<\/a>.[\/vc_column_text][\/vc_column_inner][\/vc_row_inner][\/vc_column][\/vc_row][vc_row][vc_column][\/vc_column][\/vc_row][vc_row][vc_column]<div class=\"templatera_shortcode\"><div class=\"vc-row-container container\"><div class=\"vc_row wpb_row vc_row-fluid\"><div class=\"wpb_column vc_column_container vc_col-sm-12\"><div class=\"vc_column-inner\"><div class=\"wpb_wrapper\"><style data-appended-custom-css=\"true\">#divider-463169f155d037d77 .lab-divider-content {display: block; width: 30%; border-bottom-color: #155c34}<\/style>\t<div id=\"divider-463169f155d037d77\" class=\"lab-divider divider-plain type-thick\">\n\t\t<div class=\"lab-divider-content\"><\/div>\n\t<\/div>\n\t\n\t<div class=\"wpb_text_column wpb_content_element post-formatting \" >\n\t\t<div class=\"wpb_wrapper\">\n\t\t\t<h2 id=\"kontakt\" style=\"text-align: center;\">Sprechen wir \u00fcber Ihren Anwendungsfall<\/h2>\n\n\t\t<\/div>\n\t<\/div>\n<\/div><\/div><\/div><\/div><\/div><div class=\"vc-row-container container\"><div class=\"vc_row wpb_row vc_row-fluid vc_custom_1645464073947\"><div class=\"wpb_column vc_column_container vc_col-sm-6\"><div class=\"vc_column-inner\"><div class=\"wpb_wrapper\">\n\t<div class=\"wpb_text_column wpb_content_element post-formatting \" >\n\t\t<div class=\"wpb_wrapper\">\n\t\t\t<p>Telefon: <a href=\"tel:+494213350920\">+49 (421) 33 509 20<\/a><\/p>\n<p>E-Mail: <a href=\"mailto:sales@mevisco.com\">sales@mevisco.com<\/a><\/p>\n<p><a href=\"https:\/\/www.mevisco.com\/de\/kontakt\/\">Weitere Kontaktinformationen<\/a><\/p>\n\n\t\t<\/div>\n\t<\/div>\n<\/div><\/div><\/div><div class=\"wpb_column vc_column_container vc_col-sm-6\"><div class=\"vc_column-inner vc_custom_1645464102980\"><div class=\"wpb_wrapper\">\n<div class=\"wpcf7 no-js\" id=\"wpcf7-f4705-o1\" lang=\"de-DE\" dir=\"ltr\" data-wpcf7-id=\"4705\">\n<div class=\"screen-reader-response\"><p role=\"status\" aria-live=\"polite\" aria-atomic=\"true\"><\/p> <ul><\/ul><\/div>\n<form action=\"\/de\/wp-json\/wp\/v2\/pages\/4634#wpcf7-f4705-o1\" method=\"post\" class=\"wpcf7-form init\" aria-label=\"Kontaktformular\" novalidate=\"novalidate\" data-status=\"init\">\n<fieldset class=\"hidden-fields-container\"><input type=\"hidden\" name=\"_wpcf7\" value=\"4705\" \/><input type=\"hidden\" name=\"_wpcf7_version\" value=\"6.1.5\" \/><input type=\"hidden\" name=\"_wpcf7_locale\" value=\"de_DE\" \/><input type=\"hidden\" name=\"_wpcf7_unit_tag\" value=\"wpcf7-f4705-o1\" \/><input type=\"hidden\" name=\"_wpcf7_container_post\" value=\"0\" \/><input type=\"hidden\" name=\"_wpcf7_posted_data_hash\" value=\"\" \/><input type=\"hidden\" name=\"_wpcf7_recaptcha_response\" value=\"\" \/>\n<\/fieldset>\n<p><label> Name<br \/>\n<span class=\"wpcf7-form-control-wrap\" data-name=\"sender-name\"><input size=\"35\" maxlength=\"400\" class=\"wpcf7-form-control wpcf7-text wpcf7-validates-as-required\" aria-required=\"true\" aria-invalid=\"false\" value=\"\" type=\"text\" name=\"sender-name\" \/><\/span> <\/label>\n<\/p>\n<p><label> E-Mail-Adresse<br \/>\n<span class=\"wpcf7-form-control-wrap\" data-name=\"email\"><input size=\"35\" maxlength=\"400\" class=\"wpcf7-form-control wpcf7-email wpcf7-validates-as-required wpcf7-text wpcf7-validates-as-email\" aria-required=\"true\" aria-invalid=\"false\" value=\"\" type=\"email\" name=\"email\" \/><\/span> <\/label>\n<\/p>\n<p><label> Telefon (optional)<br \/>\n<span class=\"wpcf7-form-control-wrap\" data-name=\"phone\"><input size=\"35\" maxlength=\"400\" class=\"wpcf7-form-control wpcf7-tel wpcf7-text wpcf7-validates-as-tel\" aria-invalid=\"false\" value=\"\" type=\"tel\" name=\"phone\" \/><\/span> <\/label>\n<\/p>\n<p><label> Kurze Aufgabenbeschreibung<br \/>\n<span class=\"wpcf7-form-control-wrap\" data-name=\"task\"><textarea cols=\"35\" rows=\"10\" maxlength=\"2000\" class=\"wpcf7-form-control wpcf7-textarea wpcf7-validates-as-required\" aria-required=\"true\" aria-invalid=\"false\" name=\"task\"><\/textarea><\/span> <\/label>\n<\/p>\n<p><input class=\"wpcf7-form-control wpcf7-submit has-spinner\" type=\"submit\" value=\"Senden\" \/>\n<\/p><div class=\"wpcf7-response-output\" aria-hidden=\"true\"><\/div>\n<\/form>\n<\/div>\n<\/div><\/div><\/div><\/div><\/div><div class=\"vc-row-container container\"><\/div><\/div>[\/vc_column][\/vc_row]<\/p>\n<\/div>","protected":false},"excerpt":{"rendered":"Oberfl\u00e4cheninspektion Optische Kontrolle von matten und gl\u00e4nzenden Oberfl\u00e4chen Makellose Oberfl\u00e4chen sind ein Qualit\u00e4tsmerkmal. Verschmutzungen, Risse, Kratzer und Dellen mindern die Wertigkeit eines Produkts oder f\u00fchren sogar zu dessen Unbrauchbarkeit. Eine menschliche\u00a0 Oberfl\u00e4cheninspektion ist langsam und teuer. Zudem gibt es Schwankungen in der Qualit\u00e4tsbewertung und die Fehleranf\u00e4lligkeit ist hoch. Mit einem Bildverarbeitungssystemen kann eine zuverl\u00e4ssige Qualit\u00e4tskontrolle&hellip;","protected":false},"author":5,"featured_media":0,"parent":0,"menu_order":0,"comment_status":"closed","ping_status":"closed","template":"","meta":{"_acf_changed":false,"footnotes":""},"categories":[],"class_list":["post-4634","page","type-page","status-publish","hentry"],"acf":[],"yoast_head":"<!-- This site is optimized with the Yoast SEO plugin v27.4 - https:\/\/yoast.com\/product\/yoast-seo-wordpress\/ -->\n<title>Optische Oberfl\u00e4cheninspektion | mevisco<\/title>\n<meta name=\"description\" content=\"Automatische Oberfl\u00e4cheninspektion von matten und gl\u00e4nzenden Oberfl\u00e4chen. Detektion feinster Verschmutzungen, Kratzer und Dellen.\" \/>\n<meta name=\"robots\" content=\"index, follow, max-snippet:-1, max-image-preview:large, max-video-preview:-1\" \/>\n<link rel=\"canonical\" href=\"https:\/\/www.mevisco.com\/de\/oberflaecheninspektion\/\" \/>\n<meta property=\"og:locale\" content=\"de_DE\" \/>\n<meta property=\"og:type\" content=\"article\" \/>\n<meta property=\"og:title\" content=\"Optische Oberfl\u00e4cheninspektion | mevisco\" \/>\n<meta property=\"og:description\" content=\"Automatische Oberfl\u00e4cheninspektion von matten und gl\u00e4nzenden Oberfl\u00e4chen. Detektion feinster Verschmutzungen, Kratzer und Dellen.\" \/>\n<meta property=\"og:url\" content=\"https:\/\/www.mevisco.com\/de\/oberflaecheninspektion\/\" \/>\n<meta property=\"og:site_name\" content=\"mevisco\" \/>\n<meta property=\"article:modified_time\" content=\"2022-03-31T18:40:06+00:00\" \/>\n<meta name=\"twitter:card\" content=\"summary_large_image\" \/>\n<script type=\"application\/ld+json\" class=\"yoast-schema-graph\">{\"@context\":\"https:\\\/\\\/schema.org\",\"@graph\":[{\"@type\":\"WebPage\",\"@id\":\"https:\\\/\\\/www.mevisco.com\\\/de\\\/oberflaecheninspektion\\\/\",\"url\":\"https:\\\/\\\/www.mevisco.com\\\/de\\\/oberflaecheninspektion\\\/\",\"name\":\"Optische Oberfl\u00e4cheninspektion | mevisco\",\"isPartOf\":{\"@id\":\"https:\\\/\\\/www.mevisco.com\\\/de\\\/#website\"},\"datePublished\":\"2022-01-10T16:51:05+00:00\",\"dateModified\":\"2022-03-31T18:40:06+00:00\",\"description\":\"Automatische Oberfl\u00e4cheninspektion von matten und gl\u00e4nzenden Oberfl\u00e4chen. Detektion feinster Verschmutzungen, Kratzer und Dellen.\",\"breadcrumb\":{\"@id\":\"https:\\\/\\\/www.mevisco.com\\\/de\\\/oberflaecheninspektion\\\/#breadcrumb\"},\"inLanguage\":\"de\",\"potentialAction\":[{\"@type\":\"ReadAction\",\"target\":[\"https:\\\/\\\/www.mevisco.com\\\/de\\\/oberflaecheninspektion\\\/\"]}]},{\"@type\":\"BreadcrumbList\",\"@id\":\"https:\\\/\\\/www.mevisco.com\\\/de\\\/oberflaecheninspektion\\\/#breadcrumb\",\"itemListElement\":[{\"@type\":\"ListItem\",\"position\":1,\"name\":\"Startseite\",\"item\":\"https:\\\/\\\/www.mevisco.com\\\/de\\\/\"},{\"@type\":\"ListItem\",\"position\":2,\"name\":\"Oberfl\u00e4cheninspektion\"}]},{\"@type\":\"WebSite\",\"@id\":\"https:\\\/\\\/www.mevisco.com\\\/de\\\/#website\",\"url\":\"https:\\\/\\\/www.mevisco.com\\\/de\\\/\",\"name\":\"mevisco\",\"description\":\"image processing systems\",\"publisher\":{\"@id\":\"https:\\\/\\\/www.mevisco.com\\\/de\\\/#organization\"},\"potentialAction\":[{\"@type\":\"SearchAction\",\"target\":{\"@type\":\"EntryPoint\",\"urlTemplate\":\"https:\\\/\\\/www.mevisco.com\\\/de\\\/?s={search_term_string}\"},\"query-input\":{\"@type\":\"PropertyValueSpecification\",\"valueRequired\":true,\"valueName\":\"search_term_string\"}}],\"inLanguage\":\"de\"},{\"@type\":\"Organization\",\"@id\":\"https:\\\/\\\/www.mevisco.com\\\/de\\\/#organization\",\"name\":\"mevisco GmbH & Co. KG\",\"url\":\"https:\\\/\\\/www.mevisco.com\\\/de\\\/\",\"logo\":{\"@type\":\"ImageObject\",\"inLanguage\":\"de\",\"@id\":\"https:\\\/\\\/www.mevisco.com\\\/de\\\/#\\\/schema\\\/logo\\\/image\\\/\",\"url\":\"https:\\\/\\\/www.mevisco.com\\\/wp-content\\\/uploads\\\/2019\\\/09\\\/mevisco_logo_plain@2x.png\",\"contentUrl\":\"https:\\\/\\\/www.mevisco.com\\\/wp-content\\\/uploads\\\/2019\\\/09\\\/mevisco_logo_plain@2x.png\",\"width\":340,\"height\":106,\"caption\":\"mevisco GmbH & Co. KG\"},\"image\":{\"@id\":\"https:\\\/\\\/www.mevisco.com\\\/de\\\/#\\\/schema\\\/logo\\\/image\\\/\"},\"sameAs\":[\"https:\\\/\\\/www.linkedin.com\\\/company\\\/12262460\\\/\"]}]}<\/script>\n<!-- \/ Yoast SEO plugin. -->","yoast_head_json":{"title":"Optische Oberfl\u00e4cheninspektion | mevisco","description":"Automatische Oberfl\u00e4cheninspektion von matten und gl\u00e4nzenden Oberfl\u00e4chen. Detektion feinster Verschmutzungen, Kratzer und Dellen.","robots":{"index":"index","follow":"follow","max-snippet":"max-snippet:-1","max-image-preview":"max-image-preview:large","max-video-preview":"max-video-preview:-1"},"canonical":"https:\/\/www.mevisco.com\/de\/oberflaecheninspektion\/","og_locale":"de_DE","og_type":"article","og_title":"Optische Oberfl\u00e4cheninspektion | mevisco","og_description":"Automatische Oberfl\u00e4cheninspektion von matten und gl\u00e4nzenden Oberfl\u00e4chen. Detektion feinster Verschmutzungen, Kratzer und Dellen.","og_url":"https:\/\/www.mevisco.com\/de\/oberflaecheninspektion\/","og_site_name":"mevisco","article_modified_time":"2022-03-31T18:40:06+00:00","twitter_card":"summary_large_image","schema":{"@context":"https:\/\/schema.org","@graph":[{"@type":"WebPage","@id":"https:\/\/www.mevisco.com\/de\/oberflaecheninspektion\/","url":"https:\/\/www.mevisco.com\/de\/oberflaecheninspektion\/","name":"Optische Oberfl\u00e4cheninspektion | mevisco","isPartOf":{"@id":"https:\/\/www.mevisco.com\/de\/#website"},"datePublished":"2022-01-10T16:51:05+00:00","dateModified":"2022-03-31T18:40:06+00:00","description":"Automatische Oberfl\u00e4cheninspektion von matten und gl\u00e4nzenden Oberfl\u00e4chen. Detektion feinster Verschmutzungen, Kratzer und Dellen.","breadcrumb":{"@id":"https:\/\/www.mevisco.com\/de\/oberflaecheninspektion\/#breadcrumb"},"inLanguage":"de","potentialAction":[{"@type":"ReadAction","target":["https:\/\/www.mevisco.com\/de\/oberflaecheninspektion\/"]}]},{"@type":"BreadcrumbList","@id":"https:\/\/www.mevisco.com\/de\/oberflaecheninspektion\/#breadcrumb","itemListElement":[{"@type":"ListItem","position":1,"name":"Startseite","item":"https:\/\/www.mevisco.com\/de\/"},{"@type":"ListItem","position":2,"name":"Oberfl\u00e4cheninspektion"}]},{"@type":"WebSite","@id":"https:\/\/www.mevisco.com\/de\/#website","url":"https:\/\/www.mevisco.com\/de\/","name":"mevisco","description":"image processing systems","publisher":{"@id":"https:\/\/www.mevisco.com\/de\/#organization"},"potentialAction":[{"@type":"SearchAction","target":{"@type":"EntryPoint","urlTemplate":"https:\/\/www.mevisco.com\/de\/?s={search_term_string}"},"query-input":{"@type":"PropertyValueSpecification","valueRequired":true,"valueName":"search_term_string"}}],"inLanguage":"de"},{"@type":"Organization","@id":"https:\/\/www.mevisco.com\/de\/#organization","name":"mevisco GmbH & Co. KG","url":"https:\/\/www.mevisco.com\/de\/","logo":{"@type":"ImageObject","inLanguage":"de","@id":"https:\/\/www.mevisco.com\/de\/#\/schema\/logo\/image\/","url":"https:\/\/www.mevisco.com\/wp-content\/uploads\/2019\/09\/mevisco_logo_plain@2x.png","contentUrl":"https:\/\/www.mevisco.com\/wp-content\/uploads\/2019\/09\/mevisco_logo_plain@2x.png","width":340,"height":106,"caption":"mevisco GmbH & Co. KG"},"image":{"@id":"https:\/\/www.mevisco.com\/de\/#\/schema\/logo\/image\/"},"sameAs":["https:\/\/www.linkedin.com\/company\/12262460\/"]}]}},"_links":{"self":[{"href":"https:\/\/www.mevisco.com\/de\/wp-json\/wp\/v2\/pages\/4634","targetHints":{"allow":["GET"]}}],"collection":[{"href":"https:\/\/www.mevisco.com\/de\/wp-json\/wp\/v2\/pages"}],"about":[{"href":"https:\/\/www.mevisco.com\/de\/wp-json\/wp\/v2\/types\/page"}],"author":[{"embeddable":true,"href":"https:\/\/www.mevisco.com\/de\/wp-json\/wp\/v2\/users\/5"}],"replies":[{"embeddable":true,"href":"https:\/\/www.mevisco.com\/de\/wp-json\/wp\/v2\/comments?post=4634"}],"version-history":[{"count":80,"href":"https:\/\/www.mevisco.com\/de\/wp-json\/wp\/v2\/pages\/4634\/revisions"}],"predecessor-version":[{"id":5280,"href":"https:\/\/www.mevisco.com\/de\/wp-json\/wp\/v2\/pages\/4634\/revisions\/5280"}],"wp:attachment":[{"href":"https:\/\/www.mevisco.com\/de\/wp-json\/wp\/v2\/media?parent=4634"}],"wp:term":[{"taxonomy":"category","embeddable":true,"href":"https:\/\/www.mevisco.com\/de\/wp-json\/wp\/v2\/categories?post=4634"}],"curies":[{"name":"wp","href":"https:\/\/api.w.org\/{rel}","templated":true}]}}