{"id":4010,"date":"2021-09-29T10:21:09","date_gmt":"2021-09-29T08:21:09","guid":{"rendered":"https:\/\/www.mevisco.com\/?page_id=4010"},"modified":"2025-02-28T15:36:28","modified_gmt":"2025-02-28T14:36:28","slug":"logdatabase-dashboard","status":"publish","type":"page","link":"https:\/\/www.mevisco.com\/de\/logdatabase-dashboard\/","title":{"rendered":"LogDatabase &#038; Dashboard"},"content":{"rendered":"<div class=\"wpb-content-wrapper\"><p>[vc_row full_width=&#8220;stretch_row&#8220; parallax=&#8220;content-moving&#8220; parallax_speed_bg=&#8220;2.5&#8243; css=&#8220;.vc_custom_1632856533808{background-image: url(https:\/\/www.mevisco.com\/wp-content\/uploads\/2021\/09\/Dashboard_Screen_Dark2-scaled.jpg?id=4246) !important;}&#8220;][vc_column][vc_column_text]<\/p>\n<h1><span style=\"color: #ffffff;\">LogDatabase &amp; Dashboard<\/span><\/h1>\n<h2><span style=\"color: #ffffff;\">Industrie 4.0 f\u00fcr mevisco Kamerasysteme<\/span><\/h2>\n<p><span style=\"color: #ffffff;\">Mit der Kombination von LogDatabase &amp; Dashboard ist ein externer Zugriff auf die Daten der mevisco Kamerasysteme m\u00f6glich. Die Daten werden auf einem Dashboard im Webbrowser visualisiert. Dank des offenen Standards k\u00f6nnen sie ebenso vom Ihrer Betriebsdatenerfassung oder sonstigen externen Systeme abgerufen werden.<\/span>[\/vc_column_text][vc_column_text]<\/p>\n<h3><span style=\"color: #ffffff;\">\u00bb L\u00fcckenlose Produktionsdokumentation<\/span><\/h3>\n<p><span style=\"color: #ffffff;\">Jede Ausf\u00fchrung des Kamerasystems wird in einer Datenbank gespeichert. So kann der Produktionsprozess l\u00fcckenlos nachvollzogen werden.<\/span><\/p>\n<h3><span style=\"color: #ffffff;\">\u00bb Zentrale Produktions\u00fcberwachung<\/span><\/h3>\n<p><span style=\"color: #ffffff;\">\u00dcberwachen Sie den Zustand und die Auschschussquote Ihrer Maschinen von einem zentralen Leitstand. Steigern sie so die Produktionsqualit\u00e4t und reduzieren gleichzeitig die Ausfallzeiten.<\/span><\/p>\n<h3><span style=\"color: #ffffff;\">\u00bb Automatische Benachrichtigungen<\/span><\/h3>\n<p><span style=\"color: #ffffff;\">Lassen Sie sich bei Ereignissen (beispielsweise dem \u00dcberschreiten der Ausschussquote) automatisch benachrichtigen. So k\u00f6nnen Sie sicher sein, dass Ihre Produktion stabil l\u00e4uft.<\/span><\/p>\n<h3><span style=\"color: #ffffff;\">\u00bb Lokale Datenspeicherung<\/span><\/h3>\n<p><span style=\"color: #ffffff;\">Die Daten werden nicht in einer Cloud, sondern direkt auf dem Bildverarbeitungsrechner gespeichert. So haben Sie die volle Kontrolle wer Zugriff auf die Daten hat.<\/span><\/p>\n<h3><span style=\"color: #ffffff;\">\u00bb Mehr Statistiken<\/span><\/h3>\n<p><span style=\"color: #ffffff;\">Die internen Statistiken von unserer Bildverarbeitungssoftware mips reichen Ihnen nicht mehr? Im Dashboard k\u00f6nnen \u00fcber eigene SQL-Abfragen individuelle Statistiken erzeugt werden.<\/span>[\/vc_column_text][\/vc_column][\/vc_row][vc_row css=&#8220;.vc_custom_1632857431821{margin-top: 2em !important;}&#8220;][vc_column][vc_row_inner][vc_column_inner width=&#8220;1\/6&#8243;][\/vc_column_inner][vc_column_inner width=&#8220;1\/6&#8243;][vc_icon type=&#8220;fontawesome&#8220; icon_fontawesome=&#8220;fas fa-desktop&#8220; align=&#8220;center&#8220;][\/vc_column_inner][vc_column_inner width=&#8220;1\/6&#8243;][vc_icon type=&#8220;fontawesome&#8220; icon_fontawesome=&#8220;fas fa-mobile-alt&#8220; align=&#8220;center&#8220;][\/vc_column_inner][vc_column_inner width=&#8220;1\/6&#8243;][vc_icon type=&#8220;fontawesome&#8220; icon_fontawesome=&#8220;fas fa-network-wired&#8220; align=&#8220;center&#8220;][\/vc_column_inner][vc_column_inner width=&#8220;1\/6&#8243;][vc_icon type=&#8220;fontawesome&#8220; icon_fontawesome=&#8220;fas fa-database&#8220; align=&#8220;center&#8220;][\/vc_column_inner][vc_column_inner width=&#8220;1\/6&#8243;][\/vc_column_inner][\/vc_row_inner][vc_row_inner][vc_column_inner][vc_column_text]<\/p>\n<p style=\"text-align: center;\">Zugriff auf die Produktionsdaten von jedem Rechner oder Smartphone und einfache Integration in Ihre Systeme.<\/p>\n<p>[\/vc_column_text][\/vc_column_inner][\/vc_row_inner][\/vc_column][\/vc_row][vc_row full_width=&#8220;stretch_row&#8220; css=&#8220;.vc_custom_1632928032111{border-top-width: 0px !important;border-bottom-width: 0px !important;padding-bottom: 2em !important;background-color: #0d693b !important;border-top-color: #bdbdbd !important;border-top-style: solid !important;border-bottom-color: #bdbdbd !important;border-bottom-style: solid !important;}&#8220;][vc_column][vc_row_inner equal_height=&#8220;yes&#8220; gap=&#8220;30&#8243;][vc_column_inner width=&#8220;1\/3&#8243; css=&#8220;.vc_custom_1632927995776{background-color: #f9f9f9 !important;border-radius: 10px !important;}&#8220;][vc_column_text css=&#8220;&#8220;]<\/p>\n<h3>Sicherer Datenspeicher<\/h3>\n<p>Produktionsdaten sind sensible Daten und sollten keinesfalls \u00f6ffentlich verf\u00fcgbar sein. Mit unserem System verlassen Ihre Daten nicht ihr lokales Netzwerk. Sie sind \u00fcber Ihre bestehende IT-Infrastruktur gesch\u00fctzt.<\/p>\n<p>Durch eine lokale Vernetzung und VPN k\u00f6nnen die Daten bei Bedarf trotzdem von der ganzen Welt abgerufen werden.[\/vc_column_text][\/vc_column_inner][vc_column_inner width=&#8220;1\/3&#8243; css=&#8220;.vc_custom_1632927845909{background-color: #ffffff !important;border-radius: 10px !important;}&#8220;][vc_column_text]<\/p>\n<h3>Offener Zugriff \u00fcber SQL<\/h3>\n<p>Alle Daten, die auf dem mevisco Dashboard visualisiert werden, k\u00f6nnen ebenso von externen Systemen abgerufen werden. Der Zugriff erfolgt \u00fcber die Standard-Datenbanksprache SQL.<\/p>\n<p>So k\u00f6nnen die Daten schnell und einfach in Ihre Betriebsdatenerfassung integriert werden. Gerne unterst\u00fctzen wir Sie bei der Umsetzung.[\/vc_column_text][\/vc_column_inner][vc_column_inner width=&#8220;1\/3&#8243; css=&#8220;.vc_custom_1632927855541{background-color: #ffffff !important;border-radius: 10px !important;}&#8220;][vc_column_text]<\/p>\n<h3>Aufschl\u00fcsselung nach Fehlerkriterien und Kavit\u00e4ten<\/h3>\n<p>Die Daten werden nach Fehlerkriterien, Linien und Kavit\u00e4ten aufgeschl\u00fcsselt gespeichert. Dadurch ist eine Problemidentifizierung\u00a0 im Produktionsprozess kavit\u00e4tengenau m\u00f6glich.<\/p>\n<p>Bei Bedarf k\u00f6nnen die Daten bis auf Funktionsebene ausgewertet werden. So bleibt kein Detail verborgen.[\/vc_column_text][\/vc_column_inner][\/vc_row_inner][\/vc_column][\/vc_row][vc_row css=&#8220;.vc_custom_1632858247143{margin-top: 2em !important;}&#8220;][vc_column][vc_column_text]<\/p>\n<h2>Dashboard<\/h2>\n<p>Das mevisco Dashboard ist eine Web-App, die die Produktionsdaten der LogDatabase in \u00fcbersichtlicherweise darstellt.[\/vc_column_text][vc_single_image image=&#8220;4301&#8243; img_size=&#8220;large&#8220; alignment=&#8220;center&#8220; onclick=&#8220;kalium_lightbox&#8220;][vc_column_text]<\/p>\n<h3>Individuelle Konfiguration<\/h3>\n<p>Jedes Dashboard kann individuell auf das jeweilige Produktionssystem angepasst werden. Es k\u00f6nnen auch verschiedene Dashboards f\u00fcr unterschiedliche Anwendungszwecke f\u00fcr das selbe System erstellt werden. So kann es ein Dashboard f\u00fcr die Anlagenbediener, eines f\u00fcr die Qualit\u00e4tskontrolle und eines f\u00fcrs Management geben.<\/p>\n<h3>Konfiguration per GUI<\/h3>\n<p>Ein Dashboard besteht aus mehreren Panels. Im Editiermodus k\u00f6nnen die Panels per Drag and Drop verschoben werden oder neue Panels hinzugef\u00fcgt werden. Mit Grundkenntnissen in SQL k\u00f6nnen neue Dashboards auch von Ihnen selbst erstellt und optimiert werden. Sollten Sie Unterst\u00fctzung ben\u00f6tigen, sind wir nat\u00fcrlich f\u00fcr Sie da.<\/p>\n<h3>Anzeige im Webbrowser<\/h3>\n<p>Das mevisco Dashboard kann in jedem modernen Webbrowser angezeigt werden. Dadurch kann das Dashboard auf dem Bildverarbeitungsystem selbst, auf dem Rechner der Leitzentrale, auf einem \u00dcbersichtsmonitor in der Produktionshalle, auf dem Tablet w\u00e4hrend einer Besprechung oder auf dem Smartphone von unterwegs angezeigt werden.<\/p>\n<h3>\u00dcbersicht oder Details<\/h3>\n<p>Auf dem mevisco Dashboard k\u00f6nnen sowohl Details zu einem System als auch eine \u00dcbersicht von mehreren Systemen dargestellt werden. So kann beispielsweise auf einer Startseite die Ausschussquote und der Zustand aller mevisco Kamerasysteme angezeigt werden. Durch eine Klick auf das System wird dann ein detailiertes Dashboard zu einem System inklusive Ausschussquten der einzelnen Fehlerkriterien und Kavit\u00e4ten zu diesem System angezeigt.<\/p>\n<h3>Alarmfunktionalit\u00e4t<\/h3>\n<p>Sie k\u00f6nnen nicht st\u00e4ndig das Dashboard beobachten, um die Produktion zu kontrollieren? Das brauchen Sie nicht. Lassen Sie sich beispielsweise per E-Mail benachrichtigen, wenn die Ausschussquote \u00fcber ein bestimmtes Level steigt.[\/vc_column_text][\/vc_column][\/vc_row][vc_row full_width=&#8220;stretch_row&#8220; css=&#8220;.vc_custom_1632858226336{border-top-width: 1px !important;background-color: #f7f7f7 !important;border-top-color: #bdbdbd !important;border-top-style: solid !important;}&#8220;][vc_column][lab_heading title=&#8220;FAQ&#8220;][\/lab_heading][lab_heading title_tag=&#8220;H3&#8243; title=&#8220;Allgemein&#8220;][\/lab_heading][vc_toggle title=&#8220;Was ist der Unterschied zwischen LogDatabase und Dashboard?&#8220;]LogDatabase speichert die Daten der Kamerasysteme. Dashboard zeigt die Daten von LogDatabase an.[\/vc_toggle][vc_toggle title=&#8220;Kann ich LogDatabase ohne Dashboard verwenden?&#8220;]Ja. LogDatabase kann ohne Dashboard verwendet werden. Beispielsweise wenn Sie die Daten ausschlie\u00dflich in ihre BDE integrieren, ohne die Visualisierung \u00fcber das mevisco Dashboard zu nutzen.[\/vc_toggle][vc_toggle title=&#8220;Kann ich Dashboard ohne LogDatabase verwenden?&#8220;]Nein. Das Dashboard arbeitet auf den Daten von LogDatabase und ben\u00f6tgt es daher zwingend.[\/vc_toggle][vc_toggle title=&#8220;K\u00f6nnen bestehende mevisco Kamerasysteme um LogDatabase &amp; Dashboard erweitert werden?&#8220;]Ja. Bestehende Systeme k\u00f6nnen erweitert werden. <a href=\"mailto:sales@mevisco.com\">Kontaktieren Sie dazu unseren Vetrieb.<\/a>[\/vc_toggle][lab_heading title_tag=&#8220;H3&#8243; title=&#8220;LogDatabase&#8220;][\/lab_heading][vc_toggle title=&#8220;Welche Daten werden gespeichert?&#8220;]Es k\u00f6nnen die Daten jeder Auswertung des Kamerasystems bis auf Funktionsebene gespeichert werden. Eine Aufteilung nach Kavi\u00e4ten und Kriterien ist m\u00f6glich. Zudem k\u00f6nnen die meisten statistischen Quoten und Z\u00e4hler aus mips gespeichert werden.[\/vc_toggle][vc_toggle title=&#8220;Werden die Bilder des Kamerasystems gespeichert?&#8220;]Nein, die Bilder es Kamerasystems werden nicht in LogDatabase gespeichert.<\/p>\n<p>Sollten Sie an einer L\u00f6sung mit einer Speicherung der Kamerabilder interessiert sein, <a href=\"mailto:sales@mevisco.com\">kontaktieren Sie unseren Vertrieb<\/a>. Wir finden f\u00fcr Sie eine individuelle L\u00f6sung.[\/vc_toggle][vc_toggle title=&#8220;Wie viele Daten k\u00f6nnen gespeichert werden?&#8220;]Das h\u00e4ngt von individuellen Faktoren des Kamerasystems wie Produktionsgeschwindigkeit, Anzahl der Kameras, Kavit\u00e4ten und Kriterien, Kapazit\u00e4t der Festplatte und weiteren Faktoren. ab.<\/p>\n<p>Generell sind die Systeme so konzipiert, dass sie mindestens die Produktion eines Tages speichern k\u00f6nnen. Es k\u00f6nnen aber auch, bei langsameren und einfachereren Systemen, mehrere Tage, Wochen oder sogar Monate sein.<\/p>\n<p>Wir arbeiten an einer Kompressionsl\u00f6sung, so dass die Produktionsdaten mehrerer Jahre gespeichert werden k\u00f6nnen.[\/vc_toggle][vc_toggle title=&#8220;Wie kann ich die Daten in meine Betriebsdatenerfassung integrieren?&#8220;]LogDatabase verwendet eine MariaDB-Datenbank. Sie haben vollst\u00e4ndigen lesenden Zugriff darauf. So k\u00f6nnen Sie \u00fcber SQL-Befehle auf alle Daten zugreifen, die auch im Dashboard verf\u00fcgbar sind.<\/p>\n<p>Nat\u00fcrlich unterst\u00fctzen wir Sie bei der Integration.[\/vc_toggle][lab_heading title_tag=&#8220;H3&#8243; title=&#8220;Dashboard&#8220;][\/lab_heading][vc_toggle title=&#8220;Welche Daten kann ich auf dem Dashboard sehen?&#8220;]Alle Daten, die in LogDatabase gespeichert sind, k\u00f6nnen im Dashboard angezeigt werden. Das sind insbesondere statistische Produktionsdaten.[\/vc_toggle][vc_toggle title=&#8220;Kann ich die mips-Statistiken auch auf dem Dashboard sehen?&#8220;]Ja, die mips-Statistiken k\u00f6nnen zus\u00e4tzlich zu den Produktionsdaten in LogDatabase gespeichert werden. So k\u00f6nnen die aus mips bekannten Statistken 1 zu 1 auch im Dashboard angezeigt werden.[\/vc_toggle][vc_toggle title=&#8220;K\u00f6nnen mehr Statistiken als in mips im Dashboard angezeigt werden?&#8220;]Ja, durch indviduelle SQL-Abfragen k\u00f6nnen quasi beliebige statistische Daten erzeugt werden. Dadurch sind deutlich mehr und flexiblere Statistiken als mit der mips internen Statistik verf\u00fcgbar.[\/vc_toggle][vc_toggle title=&#8220;Kann das Dashboard angepasst werden?&#8220;]Wir liefern das Dashboard mit einer auf das Kamerasystem angepassten Grundkonfiguration aus. Haben Sie spezielle W\u00fcnsche individualiseren wir das Dashboard gerne f\u00fcr Sie.[\/vc_toggle][vc_toggle title=&#8220;Kann ich das Dashboard selber anpassen?&#8220;]Ja, genau wie unsere Bidlverarbeitungssoftware mips ist das Dashboard offen f\u00fcr kundenseitige Anpassungen.<\/p>\n<p>Die Anordnungen der Panels kann per Drag &amp; Drop ver\u00e4ndert werden. Farben und Panel-Typen k\u00f6nnen \u00fcber die GUI innerhalb des Dashboards editiert werden. \u00dcber eigene SQL-Abfragen k\u00f6nnen beliebige Daten aus LogDatabase im Dashbaord angezeigt werden.[\/vc_toggle][lab_heading title_tag=&#8220;H3&#8243; title=&#8220;Vernetzung &amp; Sicherheit&#8220;][\/lab_heading][vc_toggle title=&#8220;Werden die Produktionsdaten au\u00dferhalb des Firmennetzes gespeichert?&#8220;]Nein, wir verfolgen mit der LogDatabase h\u00f6chste Sicherheitsanspr\u00fcche. Die Produktionsdaten werden lokal auf dem Bildverarbeitungsrechner gespeichert.[\/vc_toggle][vc_toggle title=&#8220;Ist ein vernetzte Produktion Vorraussetzung f\u00fcr den Einsatz von LogDatabase &amp; Dashboard?&#8220;]Nein, eine Vernetzung ist keine Vorraussetzung. LogDatabase &amp; Dashboard k\u00f6nnen auch sinnvoll lokal auf dem Bildverarbeitungsrechner eingesetzt werden, um mehr statistische Daten zu erzeugen als bisher m\u00f6glich.<\/p>\n<p>Mit einer lokalen Vernetzung k\u00f6nnen Daten verschiedener Systeme an einer Stelle angezeigt werden, ohne dass die Produktion komplett vernetzt sein muss.[\/vc_toggle][vc_toggle title=&#8220;Kann ich von Unterwegs, beispielsweise vom Smartphone, auf die Produktionsdaten zugreifen?&#8220;]Mit LogDabase &amp; Dashboard liefern wir die M\u00f6glichkeit daf\u00fcr. Das Dashboard ist \u00fcber jeden modernen Browser, auch \u00fcber ein Smartphone, abrufbar.<\/p>\n<p>Allerdings muss das Smartphone Zugriff auf den Dashboard-Server haben. Dieser Zugriff kann beispielsweise \u00fcber eine VPN-Verbindung erm\u00f6glicht werden. Der Zugriff muss durch Ihre IT geschaffen werden.[\/vc_toggle][\/vc_column][\/vc_row]<\/p>\n<\/div>","protected":false},"excerpt":{"rendered":"<p>[vc_row full_width=&#8220;stretch_row&#8220; parallax=&#8220;content-moving&#8220; parallax_speed_bg=&#8220;2.5&#8243; css=&#8220;.vc_custom_1632856533808{background-image: url(https:\/\/www.mevisco.com\/wp-content\/uploads\/2021\/09\/Dashboard_Screen_Dark2-scaled.jpg?id=4246) !important;}&#8220;][vc_column][vc_column_text] LogDatabase &amp; Dashboard Industrie 4.0 f\u00fcr mevisco Kamerasysteme Mit der Kombination von LogDatabase &amp; Dashboard ist ein externer Zugriff auf die Daten der mevisco Kamerasysteme m\u00f6glich. Die Daten werden auf einem Dashboard im Webbrowser visualisiert. Dank des offenen Standards k\u00f6nnen sie ebenso vom Ihrer Betriebsdatenerfassung oder sonstigen externen&hellip;<\/p>\n","protected":false},"author":5,"featured_media":0,"parent":0,"menu_order":0,"comment_status":"closed","ping_status":"closed","template":"","meta":{"_acf_changed":false,"footnotes":""},"categories":[],"class_list":["post-4010","page","type-page","status-publish","hentry"],"acf":[],"yoast_head":"<!-- This site is optimized with the Yoast SEO plugin v27.4 - https:\/\/yoast.com\/product\/yoast-seo-wordpress\/ -->\n<title>LogDatabase &amp; Dashboard | mevisco<\/title>\n<meta name=\"description\" content=\"Zugriff auf Produktionsstatistiken der Kamerasysteme \u00fcber PC, Tablet oder Smartphone und Integration in externe Systeme.\" \/>\n<meta name=\"robots\" content=\"index, follow, max-snippet:-1, max-image-preview:large, max-video-preview:-1\" \/>\n<link rel=\"canonical\" href=\"https:\/\/www.mevisco.com\/de\/logdatabase-dashboard\/\" \/>\n<meta property=\"og:locale\" content=\"de_DE\" \/>\n<meta property=\"og:type\" content=\"article\" \/>\n<meta property=\"og:title\" content=\"LogDatabase &amp; Dashboard | mevisco\" \/>\n<meta property=\"og:description\" content=\"Zugriff auf Produktionsstatistiken der Kamerasysteme \u00fcber PC, Tablet oder Smartphone und Integration in externe Systeme.\" \/>\n<meta property=\"og:url\" content=\"https:\/\/www.mevisco.com\/de\/logdatabase-dashboard\/\" \/>\n<meta property=\"og:site_name\" content=\"mevisco\" \/>\n<meta property=\"article:modified_time\" content=\"2025-02-28T14:36:28+00:00\" \/>\n<meta name=\"twitter:card\" content=\"summary_large_image\" \/>\n<script type=\"application\/ld+json\" class=\"yoast-schema-graph\">{\"@context\":\"https:\\\/\\\/schema.org\",\"@graph\":[{\"@type\":\"WebPage\",\"@id\":\"https:\\\/\\\/www.mevisco.com\\\/de\\\/logdatabase-dashboard\\\/\",\"url\":\"https:\\\/\\\/www.mevisco.com\\\/de\\\/logdatabase-dashboard\\\/\",\"name\":\"LogDatabase & Dashboard | mevisco\",\"isPartOf\":{\"@id\":\"https:\\\/\\\/www.mevisco.com\\\/de\\\/#website\"},\"datePublished\":\"2021-09-29T08:21:09+00:00\",\"dateModified\":\"2025-02-28T14:36:28+00:00\",\"description\":\"Zugriff auf Produktionsstatistiken der Kamerasysteme \u00fcber PC, Tablet oder Smartphone und Integration in externe Systeme.\",\"breadcrumb\":{\"@id\":\"https:\\\/\\\/www.mevisco.com\\\/de\\\/logdatabase-dashboard\\\/#breadcrumb\"},\"inLanguage\":\"de\",\"potentialAction\":[{\"@type\":\"ReadAction\",\"target\":[\"https:\\\/\\\/www.mevisco.com\\\/de\\\/logdatabase-dashboard\\\/\"]}]},{\"@type\":\"BreadcrumbList\",\"@id\":\"https:\\\/\\\/www.mevisco.com\\\/de\\\/logdatabase-dashboard\\\/#breadcrumb\",\"itemListElement\":[{\"@type\":\"ListItem\",\"position\":1,\"name\":\"Startseite\",\"item\":\"https:\\\/\\\/www.mevisco.com\\\/de\\\/\"},{\"@type\":\"ListItem\",\"position\":2,\"name\":\"LogDatabase &#038; Dashboard\"}]},{\"@type\":\"WebSite\",\"@id\":\"https:\\\/\\\/www.mevisco.com\\\/de\\\/#website\",\"url\":\"https:\\\/\\\/www.mevisco.com\\\/de\\\/\",\"name\":\"mevisco\",\"description\":\"image processing systems\",\"publisher\":{\"@id\":\"https:\\\/\\\/www.mevisco.com\\\/de\\\/#organization\"},\"potentialAction\":[{\"@type\":\"SearchAction\",\"target\":{\"@type\":\"EntryPoint\",\"urlTemplate\":\"https:\\\/\\\/www.mevisco.com\\\/de\\\/?s={search_term_string}\"},\"query-input\":{\"@type\":\"PropertyValueSpecification\",\"valueRequired\":true,\"valueName\":\"search_term_string\"}}],\"inLanguage\":\"de\"},{\"@type\":\"Organization\",\"@id\":\"https:\\\/\\\/www.mevisco.com\\\/de\\\/#organization\",\"name\":\"mevisco GmbH & Co. KG\",\"url\":\"https:\\\/\\\/www.mevisco.com\\\/de\\\/\",\"logo\":{\"@type\":\"ImageObject\",\"inLanguage\":\"de\",\"@id\":\"https:\\\/\\\/www.mevisco.com\\\/de\\\/#\\\/schema\\\/logo\\\/image\\\/\",\"url\":\"https:\\\/\\\/www.mevisco.com\\\/wp-content\\\/uploads\\\/2019\\\/09\\\/mevisco_logo_plain@2x.png\",\"contentUrl\":\"https:\\\/\\\/www.mevisco.com\\\/wp-content\\\/uploads\\\/2019\\\/09\\\/mevisco_logo_plain@2x.png\",\"width\":340,\"height\":106,\"caption\":\"mevisco GmbH & Co. KG\"},\"image\":{\"@id\":\"https:\\\/\\\/www.mevisco.com\\\/de\\\/#\\\/schema\\\/logo\\\/image\\\/\"},\"sameAs\":[\"https:\\\/\\\/www.linkedin.com\\\/company\\\/12262460\\\/\"]}]}<\/script>\n<!-- \/ Yoast SEO plugin. -->","yoast_head_json":{"title":"LogDatabase & Dashboard | mevisco","description":"Zugriff auf Produktionsstatistiken der Kamerasysteme \u00fcber PC, Tablet oder Smartphone und Integration in externe Systeme.","robots":{"index":"index","follow":"follow","max-snippet":"max-snippet:-1","max-image-preview":"max-image-preview:large","max-video-preview":"max-video-preview:-1"},"canonical":"https:\/\/www.mevisco.com\/de\/logdatabase-dashboard\/","og_locale":"de_DE","og_type":"article","og_title":"LogDatabase & Dashboard | mevisco","og_description":"Zugriff auf Produktionsstatistiken der Kamerasysteme \u00fcber PC, Tablet oder Smartphone und Integration in externe Systeme.","og_url":"https:\/\/www.mevisco.com\/de\/logdatabase-dashboard\/","og_site_name":"mevisco","article_modified_time":"2025-02-28T14:36:28+00:00","twitter_card":"summary_large_image","schema":{"@context":"https:\/\/schema.org","@graph":[{"@type":"WebPage","@id":"https:\/\/www.mevisco.com\/de\/logdatabase-dashboard\/","url":"https:\/\/www.mevisco.com\/de\/logdatabase-dashboard\/","name":"LogDatabase & Dashboard | mevisco","isPartOf":{"@id":"https:\/\/www.mevisco.com\/de\/#website"},"datePublished":"2021-09-29T08:21:09+00:00","dateModified":"2025-02-28T14:36:28+00:00","description":"Zugriff auf Produktionsstatistiken der Kamerasysteme \u00fcber PC, Tablet oder Smartphone und Integration in externe Systeme.","breadcrumb":{"@id":"https:\/\/www.mevisco.com\/de\/logdatabase-dashboard\/#breadcrumb"},"inLanguage":"de","potentialAction":[{"@type":"ReadAction","target":["https:\/\/www.mevisco.com\/de\/logdatabase-dashboard\/"]}]},{"@type":"BreadcrumbList","@id":"https:\/\/www.mevisco.com\/de\/logdatabase-dashboard\/#breadcrumb","itemListElement":[{"@type":"ListItem","position":1,"name":"Startseite","item":"https:\/\/www.mevisco.com\/de\/"},{"@type":"ListItem","position":2,"name":"LogDatabase &#038; Dashboard"}]},{"@type":"WebSite","@id":"https:\/\/www.mevisco.com\/de\/#website","url":"https:\/\/www.mevisco.com\/de\/","name":"mevisco","description":"image processing systems","publisher":{"@id":"https:\/\/www.mevisco.com\/de\/#organization"},"potentialAction":[{"@type":"SearchAction","target":{"@type":"EntryPoint","urlTemplate":"https:\/\/www.mevisco.com\/de\/?s={search_term_string}"},"query-input":{"@type":"PropertyValueSpecification","valueRequired":true,"valueName":"search_term_string"}}],"inLanguage":"de"},{"@type":"Organization","@id":"https:\/\/www.mevisco.com\/de\/#organization","name":"mevisco GmbH & Co. KG","url":"https:\/\/www.mevisco.com\/de\/","logo":{"@type":"ImageObject","inLanguage":"de","@id":"https:\/\/www.mevisco.com\/de\/#\/schema\/logo\/image\/","url":"https:\/\/www.mevisco.com\/wp-content\/uploads\/2019\/09\/mevisco_logo_plain@2x.png","contentUrl":"https:\/\/www.mevisco.com\/wp-content\/uploads\/2019\/09\/mevisco_logo_plain@2x.png","width":340,"height":106,"caption":"mevisco GmbH & Co. KG"},"image":{"@id":"https:\/\/www.mevisco.com\/de\/#\/schema\/logo\/image\/"},"sameAs":["https:\/\/www.linkedin.com\/company\/12262460\/"]}]}},"_links":{"self":[{"href":"https:\/\/www.mevisco.com\/de\/wp-json\/wp\/v2\/pages\/4010","targetHints":{"allow":["GET"]}}],"collection":[{"href":"https:\/\/www.mevisco.com\/de\/wp-json\/wp\/v2\/pages"}],"about":[{"href":"https:\/\/www.mevisco.com\/de\/wp-json\/wp\/v2\/types\/page"}],"author":[{"embeddable":true,"href":"https:\/\/www.mevisco.com\/de\/wp-json\/wp\/v2\/users\/5"}],"replies":[{"embeddable":true,"href":"https:\/\/www.mevisco.com\/de\/wp-json\/wp\/v2\/comments?post=4010"}],"version-history":[{"count":85,"href":"https:\/\/www.mevisco.com\/de\/wp-json\/wp\/v2\/pages\/4010\/revisions"}],"predecessor-version":[{"id":5626,"href":"https:\/\/www.mevisco.com\/de\/wp-json\/wp\/v2\/pages\/4010\/revisions\/5626"}],"wp:attachment":[{"href":"https:\/\/www.mevisco.com\/de\/wp-json\/wp\/v2\/media?parent=4010"}],"wp:term":[{"taxonomy":"category","embeddable":true,"href":"https:\/\/www.mevisco.com\/de\/wp-json\/wp\/v2\/categories?post=4010"}],"curies":[{"name":"wp","href":"https:\/\/api.w.org\/{rel}","templated":true}]}}