{"id":2709,"date":"2019-10-02T16:56:03","date_gmt":"2019-10-02T14:56:03","guid":{"rendered":"https:\/\/www.mevisco.de\/?page_id=2709"},"modified":"2021-04-21T14:08:32","modified_gmt":"2021-04-21T12:08:32","slug":"kontakt","status":"publish","type":"page","link":"https:\/\/www.mevisco.com\/de\/kontakt\/","title":{"rendered":"Kontakt"},"content":{"rendered":"<div class=\"wpb-content-wrapper\"><p>[vc_row][vc_column][vc_row_inner][vc_column_inner][vc_column_text]<\/p>\n<h1>Nehmen Sie Kontakt auf!<\/h1>\n<p>[\/vc_column_text][\/vc_column_inner][\/vc_row_inner][\/vc_column][\/vc_row][vc_row full_width=&#8220;stretch_row&#8220; css=&#8220;.vc_custom_1570025837511{padding-bottom: 30px !important;}&#8220;][vc_column width=&#8220;1\/2&#8243;][vc_column_text]Sie haben Fragen zu unseren Bildverarbeitungssystemen, w\u00fcnschen eine pers\u00f6nliche Beratung oder m\u00f6chten weitere Informationen erhalten? Kontaktieren Sie uns jetzt.<\/p>\n<hr \/>\n<p><strong>mevisco GmbH &amp; Co. KG<\/strong><\/p>\n<p>Konsul-Smidt-Str. 82<br \/>\n28217 Bremen<\/p>\n<p><a href=\"https:\/\/g.page\/mevisco?share\" target=\"_blank\" rel=\"noopener noreferrer\">In Google Maps anzeigen<\/a><\/p>\n<h5>Zentrale<\/h5>\n<p>Telefon <a href=\"tel:+49421335090\">+49 (421) 33 50 90<\/a><br \/>\nE-Mail <a href=\"mailto:info@mevisco.com\">info@mevisco.com<\/a><br \/>\nFax +49 (421) 33 50 936<\/p>\n<h5>Vertrieb<\/h5>\n<p>Telefon\u00a0 <a href=\"tel:+494213350920\">+49 (421)\u00a0 33 50 920<\/a><br \/>\nE-Mail <a href=\"mailto:sales@mevisco.com\">sales@mevisco.com<\/a><\/p>\n<h5>Service<\/h5>\n<p>Telefon\u00a0 <a href=\"tel:+494213350940\">+49 (421) 33 50 940<\/a><br \/>\nE-Mail <a href=\"mailto:service@mevisco.com\">service@mevisco.com<\/a>[\/vc_column_text][\/vc_column][vc_column width=&#8220;1\/2&#8243;][vc_row_inner][vc_column_inner][vc_single_image image=&#8220;4030&#8243; img_size=&#8220;400&#215;400&#8243; alignment=&#8220;center&#8220; style=&#8220;vc_box_circle_2&#8243;][\/vc_column_inner][\/vc_row_inner][\/vc_column][\/vc_row][vc_row][vc_column][vc_column_text]<\/p>\n<h2>Online-Meetings und Online-Schulungen<\/h2>\n<p>Zu Pr\u00e4sentationszwecken oder f\u00fcr Online-Schulungen k\u00f6nnen wir uns auch gerne online treffen.<\/p>\n<p>Wenn Sie einen Microsoft Teams Account haben, k\u00f6nnen wir uns \u00fcber Microsoft Teams verbinden.<\/p>\n<p>Alternativ k\u00f6nnen wir ein Meeting \u00fcber TeamViewer herstellen. Sie ben\u00f6tigen dazu keinen Account. Einfach die TeamViewer-Meeting-Software herunterladen und ohne Installation starten. Wir teilen Ihnen eine Meeting-ID mit und sie k\u00f6nnen dem Meeting beitreten. Am besten haben Sie ein Headset mit dem Computer verbunden. Alternativ k\u00f6nnen wir auch eine Sprachverbindung \u00fcber Telefon aufbauen.<\/p>\n<p><a href=\"https:\/\/go.teamviewer.com\/mevisco-join\" target=\"_blank\" rel=\"noopener\">Download TeamViewer Meeting<\/a>[\/vc_column_text][\/vc_column][\/vc_row]<\/p>\n<\/div>","protected":false},"excerpt":{"rendered":"<p>[vc_row][vc_column][vc_row_inner][vc_column_inner][vc_column_text] Nehmen Sie Kontakt auf! [\/vc_column_text][\/vc_column_inner][\/vc_row_inner][\/vc_column][\/vc_row][vc_row full_width=&#8220;stretch_row&#8220; css=&#8220;.vc_custom_1570025837511{padding-bottom: 30px !important;}&#8220;][vc_column width=&#8220;1\/2&#8243;][vc_column_text]Sie haben Fragen zu unseren Bildverarbeitungssystemen, w\u00fcnschen eine pers\u00f6nliche Beratung oder m\u00f6chten weitere Informationen erhalten? Kontaktieren Sie uns jetzt. mevisco GmbH &amp; Co. KG Konsul-Smidt-Str. 82 28217 Bremen In Google Maps anzeigen Zentrale Telefon +49 (421) 33 50 90 E-Mail info@mevisco.com Fax +49 (421) 33&hellip;<\/p>\n","protected":false},"author":3,"featured_media":0,"parent":0,"menu_order":0,"comment_status":"closed","ping_status":"closed","template":"","meta":{"_acf_changed":false,"footnotes":""},"categories":[],"class_list":["post-2709","page","type-page","status-publish","hentry"],"acf":[],"yoast_head":"<!-- This site is optimized with the Yoast SEO plugin v27.2 - https:\/\/yoast.com\/product\/yoast-seo-wordpress\/ -->\n<title>Nehmen Sie Kontakt auf! | Bildverarbeitung | mevisco<\/title>\n<meta name=\"description\" content=\"Sie haben Fragen zu unseren Bildverarbeitungssystemen, w\u00fcnschen eine pers\u00f6nliche Beratung oder m\u00f6chten weitere Informationen erhalten? Kontaktieren Sie uns.\" \/>\n<meta name=\"robots\" content=\"index, follow, max-snippet:-1, max-image-preview:large, max-video-preview:-1\" \/>\n<link rel=\"canonical\" href=\"https:\/\/www.mevisco.com\/de\/kontakt\/\" \/>\n<meta property=\"og:locale\" content=\"de_DE\" \/>\n<meta property=\"og:type\" content=\"article\" \/>\n<meta property=\"og:title\" content=\"Nehmen Sie Kontakt auf! | Bildverarbeitung | mevisco\" \/>\n<meta property=\"og:description\" content=\"Sie haben Fragen zu unseren Bildverarbeitungssystemen, w\u00fcnschen eine pers\u00f6nliche Beratung oder m\u00f6chten weitere Informationen erhalten? Kontaktieren Sie uns.\" \/>\n<meta property=\"og:url\" content=\"https:\/\/www.mevisco.com\/de\/kontakt\/\" \/>\n<meta property=\"og:site_name\" content=\"mevisco\" \/>\n<meta property=\"article:modified_time\" content=\"2021-04-21T12:08:32+00:00\" \/>\n<meta name=\"twitter:card\" content=\"summary_large_image\" \/>\n<script type=\"application\/ld+json\" class=\"yoast-schema-graph\">{\"@context\":\"https:\/\/schema.org\",\"@graph\":[{\"@type\":\"WebPage\",\"@id\":\"https:\/\/www.mevisco.com\/de\/kontakt\/\",\"url\":\"https:\/\/www.mevisco.com\/de\/kontakt\/\",\"name\":\"Nehmen Sie Kontakt auf! | Bildverarbeitung | mevisco\",\"isPartOf\":{\"@id\":\"https:\/\/www.mevisco.com\/de\/#website\"},\"datePublished\":\"2019-10-02T14:56:03+00:00\",\"dateModified\":\"2021-04-21T12:08:32+00:00\",\"description\":\"Sie haben Fragen zu unseren Bildverarbeitungssystemen, w\u00fcnschen eine pers\u00f6nliche Beratung oder m\u00f6chten weitere Informationen erhalten? Kontaktieren Sie uns.\",\"breadcrumb\":{\"@id\":\"https:\/\/www.mevisco.com\/de\/kontakt\/#breadcrumb\"},\"inLanguage\":\"de\",\"potentialAction\":[{\"@type\":\"ReadAction\",\"target\":[\"https:\/\/www.mevisco.com\/de\/kontakt\/\"]}]},{\"@type\":\"BreadcrumbList\",\"@id\":\"https:\/\/www.mevisco.com\/de\/kontakt\/#breadcrumb\",\"itemListElement\":[{\"@type\":\"ListItem\",\"position\":1,\"name\":\"Startseite\",\"item\":\"https:\/\/www.mevisco.com\/de\/\"},{\"@type\":\"ListItem\",\"position\":2,\"name\":\"Kontakt\"}]},{\"@type\":\"WebSite\",\"@id\":\"https:\/\/www.mevisco.com\/de\/#website\",\"url\":\"https:\/\/www.mevisco.com\/de\/\",\"name\":\"mevisco\",\"description\":\"image processing systems\",\"publisher\":{\"@id\":\"https:\/\/www.mevisco.com\/de\/#organization\"},\"potentialAction\":[{\"@type\":\"SearchAction\",\"target\":{\"@type\":\"EntryPoint\",\"urlTemplate\":\"https:\/\/www.mevisco.com\/de\/?s={search_term_string}\"},\"query-input\":{\"@type\":\"PropertyValueSpecification\",\"valueRequired\":true,\"valueName\":\"search_term_string\"}}],\"inLanguage\":\"de\"},{\"@type\":\"Organization\",\"@id\":\"https:\/\/www.mevisco.com\/de\/#organization\",\"name\":\"mevisco GmbH & Co. KG\",\"url\":\"https:\/\/www.mevisco.com\/de\/\",\"logo\":{\"@type\":\"ImageObject\",\"inLanguage\":\"de\",\"@id\":\"https:\/\/www.mevisco.com\/de\/#\/schema\/logo\/image\/\",\"url\":\"https:\/\/www.mevisco.com\/wp-content\/uploads\/2019\/09\/mevisco_logo_plain@2x.png\",\"contentUrl\":\"https:\/\/www.mevisco.com\/wp-content\/uploads\/2019\/09\/mevisco_logo_plain@2x.png\",\"width\":340,\"height\":106,\"caption\":\"mevisco GmbH & Co. KG\"},\"image\":{\"@id\":\"https:\/\/www.mevisco.com\/de\/#\/schema\/logo\/image\/\"},\"sameAs\":[\"https:\/\/www.linkedin.com\/company\/12262460\/\"]}]}<\/script>\n<!-- \/ Yoast SEO plugin. -->","yoast_head_json":{"title":"Nehmen Sie Kontakt auf! | Bildverarbeitung | mevisco","description":"Sie haben Fragen zu unseren Bildverarbeitungssystemen, w\u00fcnschen eine pers\u00f6nliche Beratung oder m\u00f6chten weitere Informationen erhalten? Kontaktieren Sie uns.","robots":{"index":"index","follow":"follow","max-snippet":"max-snippet:-1","max-image-preview":"max-image-preview:large","max-video-preview":"max-video-preview:-1"},"canonical":"https:\/\/www.mevisco.com\/de\/kontakt\/","og_locale":"de_DE","og_type":"article","og_title":"Nehmen Sie Kontakt auf! | Bildverarbeitung | mevisco","og_description":"Sie haben Fragen zu unseren Bildverarbeitungssystemen, w\u00fcnschen eine pers\u00f6nliche Beratung oder m\u00f6chten weitere Informationen erhalten? Kontaktieren Sie uns.","og_url":"https:\/\/www.mevisco.com\/de\/kontakt\/","og_site_name":"mevisco","article_modified_time":"2021-04-21T12:08:32+00:00","twitter_card":"summary_large_image","schema":{"@context":"https:\/\/schema.org","@graph":[{"@type":"WebPage","@id":"https:\/\/www.mevisco.com\/de\/kontakt\/","url":"https:\/\/www.mevisco.com\/de\/kontakt\/","name":"Nehmen Sie Kontakt auf! | Bildverarbeitung | mevisco","isPartOf":{"@id":"https:\/\/www.mevisco.com\/de\/#website"},"datePublished":"2019-10-02T14:56:03+00:00","dateModified":"2021-04-21T12:08:32+00:00","description":"Sie haben Fragen zu unseren Bildverarbeitungssystemen, w\u00fcnschen eine pers\u00f6nliche Beratung oder m\u00f6chten weitere Informationen erhalten? Kontaktieren Sie uns.","breadcrumb":{"@id":"https:\/\/www.mevisco.com\/de\/kontakt\/#breadcrumb"},"inLanguage":"de","potentialAction":[{"@type":"ReadAction","target":["https:\/\/www.mevisco.com\/de\/kontakt\/"]}]},{"@type":"BreadcrumbList","@id":"https:\/\/www.mevisco.com\/de\/kontakt\/#breadcrumb","itemListElement":[{"@type":"ListItem","position":1,"name":"Startseite","item":"https:\/\/www.mevisco.com\/de\/"},{"@type":"ListItem","position":2,"name":"Kontakt"}]},{"@type":"WebSite","@id":"https:\/\/www.mevisco.com\/de\/#website","url":"https:\/\/www.mevisco.com\/de\/","name":"mevisco","description":"image processing systems","publisher":{"@id":"https:\/\/www.mevisco.com\/de\/#organization"},"potentialAction":[{"@type":"SearchAction","target":{"@type":"EntryPoint","urlTemplate":"https:\/\/www.mevisco.com\/de\/?s={search_term_string}"},"query-input":{"@type":"PropertyValueSpecification","valueRequired":true,"valueName":"search_term_string"}}],"inLanguage":"de"},{"@type":"Organization","@id":"https:\/\/www.mevisco.com\/de\/#organization","name":"mevisco GmbH & Co. KG","url":"https:\/\/www.mevisco.com\/de\/","logo":{"@type":"ImageObject","inLanguage":"de","@id":"https:\/\/www.mevisco.com\/de\/#\/schema\/logo\/image\/","url":"https:\/\/www.mevisco.com\/wp-content\/uploads\/2019\/09\/mevisco_logo_plain@2x.png","contentUrl":"https:\/\/www.mevisco.com\/wp-content\/uploads\/2019\/09\/mevisco_logo_plain@2x.png","width":340,"height":106,"caption":"mevisco GmbH & Co. KG"},"image":{"@id":"https:\/\/www.mevisco.com\/de\/#\/schema\/logo\/image\/"},"sameAs":["https:\/\/www.linkedin.com\/company\/12262460\/"]}]}},"_links":{"self":[{"href":"https:\/\/www.mevisco.com\/de\/wp-json\/wp\/v2\/pages\/2709","targetHints":{"allow":["GET"]}}],"collection":[{"href":"https:\/\/www.mevisco.com\/de\/wp-json\/wp\/v2\/pages"}],"about":[{"href":"https:\/\/www.mevisco.com\/de\/wp-json\/wp\/v2\/types\/page"}],"author":[{"embeddable":true,"href":"https:\/\/www.mevisco.com\/de\/wp-json\/wp\/v2\/users\/3"}],"replies":[{"embeddable":true,"href":"https:\/\/www.mevisco.com\/de\/wp-json\/wp\/v2\/comments?post=2709"}],"version-history":[{"count":11,"href":"https:\/\/www.mevisco.com\/de\/wp-json\/wp\/v2\/pages\/2709\/revisions"}],"predecessor-version":[{"id":4191,"href":"https:\/\/www.mevisco.com\/de\/wp-json\/wp\/v2\/pages\/2709\/revisions\/4191"}],"wp:attachment":[{"href":"https:\/\/www.mevisco.com\/de\/wp-json\/wp\/v2\/media?parent=2709"}],"wp:term":[{"taxonomy":"category","embeddable":true,"href":"https:\/\/www.mevisco.com\/de\/wp-json\/wp\/v2\/categories?post=2709"}],"curies":[{"name":"wp","href":"https:\/\/api.w.org\/{rel}","templated":true}]}}