{"id":2544,"date":"2019-09-25T18:48:10","date_gmt":"2019-09-25T16:48:10","guid":{"rendered":"https:\/\/www.mevisco.de\/?page_id=2544"},"modified":"2024-05-30T09:29:01","modified_gmt":"2024-05-30T07:29:01","slug":"impressum","status":"publish","type":"page","link":"https:\/\/www.mevisco.com\/de\/impressum\/","title":{"rendered":"Impressum"},"content":{"rendered":"<div class=\"wpb-content-wrapper\"><p>[vc_row][vc_column][vc_column_text css=&#8220;&#8220;]Angaben gem\u00e4\u00df \u00a7 5 DDG<\/p>\n<p><strong>mevisco Gesellschaft f\u00fcr Bildverarbeitung und Visualisierung mbh &amp; Co. Kommanditgesellschaft<\/strong><\/p>\n<p>Konsul-Smidt-Str. 82<br \/>\nD-28217 Bremen<\/p>\n<p>Tel.: \u00a0+49 421 33509-0<br \/>\nFax:\u00a0 +49 421 33509-36<br \/>\nE-Mail: info@mevisco.com<\/p>\n<p><strong>Vertreten durch:<\/strong> mevisco GmbH, Konsul-Smidt-Str. 82, D-28217 Bremen<br \/>\n<strong>Vertretungsberechtigte Gesch\u00e4ftsf\u00fchrer:<\/strong> Philipp Hamann, Gordon Henske und Dr.-Ing. J\u00f6rg H\u00f6hne<\/p>\n<p><strong>Registergericht:<\/strong> Amtsgericht Bremen<br \/>\n<strong>Registernummer:<\/strong> HRA 22811<\/p>\n<p><strong>Umsatzsteuer-Identifikationsnummer:<\/strong> DE222896474<\/p>\n<p><strong>Haftungshinweis:<\/strong> Trotz sorgf\u00e4ltiger inhaltlicher Kontrolle \u00fcbernehmen wir keine Haftung f\u00fcr die Inhalte externer Links. F\u00fcr den Inhalt der verlinkten Seiten sind ausschlie\u00dflich deren Betreiber verantwortlich.<\/p>\n<p><strong>Datenschutzhinweis:<\/strong> Unsere Datenschutzerkl\u00e4rung finden Sie auf dieser Seite: <a href=\"https:\/\/mevisco.com\/datenschutz\/\">Datenschutz<\/a><\/p>\n<p>Umsetzung: <a href=\"https:\/\/wordpress-bremen.de\/\">WordPress Bremen<\/a>[\/vc_column_text][\/vc_column][\/vc_row]<\/p>\n<\/div>","protected":false},"excerpt":{"rendered":"<p>[vc_row][vc_column][vc_column_text css=&#8220;&#8220;]Angaben gem\u00e4\u00df \u00a7 5 DDG mevisco Gesellschaft f\u00fcr Bildverarbeitung und Visualisierung mbh &amp; Co. Kommanditgesellschaft Konsul-Smidt-Str. 82 D-28217 Bremen Tel.: \u00a0+49 421 33509-0 Fax:\u00a0 +49 421 33509-36 E-Mail: info@mevisco.com Vertreten durch: mevisco GmbH, Konsul-Smidt-Str. 82, D-28217 Bremen Vertretungsberechtigte Gesch\u00e4ftsf\u00fchrer: Philipp Hamann, Gordon Henske und Dr.-Ing. J\u00f6rg H\u00f6hne Registergericht: Amtsgericht Bremen Registernummer: HRA 22811 Umsatzsteuer-Identifikationsnummer:&hellip;<\/p>\n","protected":false},"author":1,"featured_media":0,"parent":0,"menu_order":0,"comment_status":"closed","ping_status":"closed","template":"","meta":{"_acf_changed":false,"footnotes":""},"categories":[],"class_list":["post-2544","page","type-page","status-publish","hentry"],"acf":[],"yoast_head":"<!-- This site is optimized with the Yoast SEO plugin v27.6 - https:\/\/yoast.com\/product\/yoast-seo-wordpress\/ -->\n<title>Impressum | Bildverarbeitung | mevisco<\/title>\n<meta name=\"robots\" content=\"noindex, follow\" \/>\n<meta property=\"og:locale\" content=\"de_DE\" \/>\n<meta property=\"og:type\" content=\"article\" \/>\n<meta property=\"og:title\" content=\"Impressum | Bildverarbeitung | mevisco\" \/>\n<meta property=\"og:description\" content=\"[vc_row][vc_column][vc_column_text css=&#8220;&#8220;]Angaben gem\u00e4\u00df \u00a7 5 DDG mevisco Gesellschaft f\u00fcr Bildverarbeitung und Visualisierung mbh &amp; Co. Kommanditgesellschaft Konsul-Smidt-Str. 82 D-28217 Bremen Tel.: \u00a0+49 421 33509-0 Fax:\u00a0 +49 421 33509-36 E-Mail: info@mevisco.com Vertreten durch: mevisco GmbH, Konsul-Smidt-Str. 82, D-28217 Bremen Vertretungsberechtigte Gesch\u00e4ftsf\u00fchrer: Philipp Hamann, Gordon Henske und Dr.-Ing. J\u00f6rg H\u00f6hne Registergericht: Amtsgericht Bremen Registernummer: HRA 22811 Umsatzsteuer-Identifikationsnummer:&hellip;\" \/>\n<meta property=\"og:url\" content=\"https:\/\/www.mevisco.com\/de\/impressum\/\" \/>\n<meta property=\"og:site_name\" content=\"mevisco\" \/>\n<meta property=\"article:modified_time\" content=\"2024-05-30T07:29:01+00:00\" \/>\n<meta name=\"twitter:card\" content=\"summary_large_image\" \/>\n<script type=\"application\/ld+json\" class=\"yoast-schema-graph\">{\"@context\":\"https:\\\/\\\/schema.org\",\"@graph\":[{\"@type\":\"WebPage\",\"@id\":\"https:\\\/\\\/www.mevisco.com\\\/de\\\/impressum\\\/\",\"url\":\"https:\\\/\\\/www.mevisco.com\\\/de\\\/impressum\\\/\",\"name\":\"Impressum | Bildverarbeitung | mevisco\",\"isPartOf\":{\"@id\":\"https:\\\/\\\/www.mevisco.com\\\/de\\\/#website\"},\"datePublished\":\"2019-09-25T16:48:10+00:00\",\"dateModified\":\"2024-05-30T07:29:01+00:00\",\"breadcrumb\":{\"@id\":\"https:\\\/\\\/www.mevisco.com\\\/de\\\/impressum\\\/#breadcrumb\"},\"inLanguage\":\"de\",\"potentialAction\":[{\"@type\":\"ReadAction\",\"target\":[\"https:\\\/\\\/www.mevisco.com\\\/de\\\/impressum\\\/\"]}]},{\"@type\":\"BreadcrumbList\",\"@id\":\"https:\\\/\\\/www.mevisco.com\\\/de\\\/impressum\\\/#breadcrumb\",\"itemListElement\":[{\"@type\":\"ListItem\",\"position\":1,\"name\":\"Startseite\",\"item\":\"https:\\\/\\\/www.mevisco.com\\\/de\\\/\"},{\"@type\":\"ListItem\",\"position\":2,\"name\":\"Impressum\"}]},{\"@type\":\"WebSite\",\"@id\":\"https:\\\/\\\/www.mevisco.com\\\/de\\\/#website\",\"url\":\"https:\\\/\\\/www.mevisco.com\\\/de\\\/\",\"name\":\"mevisco\",\"description\":\"image processing systems\",\"publisher\":{\"@id\":\"https:\\\/\\\/www.mevisco.com\\\/de\\\/#organization\"},\"potentialAction\":[{\"@type\":\"SearchAction\",\"target\":{\"@type\":\"EntryPoint\",\"urlTemplate\":\"https:\\\/\\\/www.mevisco.com\\\/de\\\/?s={search_term_string}\"},\"query-input\":{\"@type\":\"PropertyValueSpecification\",\"valueRequired\":true,\"valueName\":\"search_term_string\"}}],\"inLanguage\":\"de\"},{\"@type\":\"Organization\",\"@id\":\"https:\\\/\\\/www.mevisco.com\\\/de\\\/#organization\",\"name\":\"mevisco GmbH & Co. KG\",\"url\":\"https:\\\/\\\/www.mevisco.com\\\/de\\\/\",\"logo\":{\"@type\":\"ImageObject\",\"inLanguage\":\"de\",\"@id\":\"https:\\\/\\\/www.mevisco.com\\\/de\\\/#\\\/schema\\\/logo\\\/image\\\/\",\"url\":\"https:\\\/\\\/www.mevisco.com\\\/wp-content\\\/uploads\\\/2019\\\/09\\\/mevisco_logo_plain@2x.png\",\"contentUrl\":\"https:\\\/\\\/www.mevisco.com\\\/wp-content\\\/uploads\\\/2019\\\/09\\\/mevisco_logo_plain@2x.png\",\"width\":340,\"height\":106,\"caption\":\"mevisco GmbH & Co. KG\"},\"image\":{\"@id\":\"https:\\\/\\\/www.mevisco.com\\\/de\\\/#\\\/schema\\\/logo\\\/image\\\/\"},\"sameAs\":[\"https:\\\/\\\/www.linkedin.com\\\/company\\\/12262460\\\/\"]}]}<\/script>\n<!-- \/ Yoast SEO plugin. -->","yoast_head_json":{"title":"Impressum | Bildverarbeitung | mevisco","robots":{"index":"noindex","follow":"follow"},"og_locale":"de_DE","og_type":"article","og_title":"Impressum | Bildverarbeitung | mevisco","og_description":"[vc_row][vc_column][vc_column_text css=&#8220;&#8220;]Angaben gem\u00e4\u00df \u00a7 5 DDG mevisco Gesellschaft f\u00fcr Bildverarbeitung und Visualisierung mbh &amp; Co. Kommanditgesellschaft Konsul-Smidt-Str. 82 D-28217 Bremen Tel.: \u00a0+49 421 33509-0 Fax:\u00a0 +49 421 33509-36 E-Mail: info@mevisco.com Vertreten durch: mevisco GmbH, Konsul-Smidt-Str. 82, D-28217 Bremen Vertretungsberechtigte Gesch\u00e4ftsf\u00fchrer: Philipp Hamann, Gordon Henske und Dr.-Ing. J\u00f6rg H\u00f6hne Registergericht: Amtsgericht Bremen Registernummer: HRA 22811 Umsatzsteuer-Identifikationsnummer:&hellip;","og_url":"https:\/\/www.mevisco.com\/de\/impressum\/","og_site_name":"mevisco","article_modified_time":"2024-05-30T07:29:01+00:00","twitter_card":"summary_large_image","schema":{"@context":"https:\/\/schema.org","@graph":[{"@type":"WebPage","@id":"https:\/\/www.mevisco.com\/de\/impressum\/","url":"https:\/\/www.mevisco.com\/de\/impressum\/","name":"Impressum | Bildverarbeitung | mevisco","isPartOf":{"@id":"https:\/\/www.mevisco.com\/de\/#website"},"datePublished":"2019-09-25T16:48:10+00:00","dateModified":"2024-05-30T07:29:01+00:00","breadcrumb":{"@id":"https:\/\/www.mevisco.com\/de\/impressum\/#breadcrumb"},"inLanguage":"de","potentialAction":[{"@type":"ReadAction","target":["https:\/\/www.mevisco.com\/de\/impressum\/"]}]},{"@type":"BreadcrumbList","@id":"https:\/\/www.mevisco.com\/de\/impressum\/#breadcrumb","itemListElement":[{"@type":"ListItem","position":1,"name":"Startseite","item":"https:\/\/www.mevisco.com\/de\/"},{"@type":"ListItem","position":2,"name":"Impressum"}]},{"@type":"WebSite","@id":"https:\/\/www.mevisco.com\/de\/#website","url":"https:\/\/www.mevisco.com\/de\/","name":"mevisco","description":"image processing systems","publisher":{"@id":"https:\/\/www.mevisco.com\/de\/#organization"},"potentialAction":[{"@type":"SearchAction","target":{"@type":"EntryPoint","urlTemplate":"https:\/\/www.mevisco.com\/de\/?s={search_term_string}"},"query-input":{"@type":"PropertyValueSpecification","valueRequired":true,"valueName":"search_term_string"}}],"inLanguage":"de"},{"@type":"Organization","@id":"https:\/\/www.mevisco.com\/de\/#organization","name":"mevisco GmbH & Co. KG","url":"https:\/\/www.mevisco.com\/de\/","logo":{"@type":"ImageObject","inLanguage":"de","@id":"https:\/\/www.mevisco.com\/de\/#\/schema\/logo\/image\/","url":"https:\/\/www.mevisco.com\/wp-content\/uploads\/2019\/09\/mevisco_logo_plain@2x.png","contentUrl":"https:\/\/www.mevisco.com\/wp-content\/uploads\/2019\/09\/mevisco_logo_plain@2x.png","width":340,"height":106,"caption":"mevisco GmbH & Co. KG"},"image":{"@id":"https:\/\/www.mevisco.com\/de\/#\/schema\/logo\/image\/"},"sameAs":["https:\/\/www.linkedin.com\/company\/12262460\/"]}]}},"_links":{"self":[{"href":"https:\/\/www.mevisco.com\/de\/wp-json\/wp\/v2\/pages\/2544","targetHints":{"allow":["GET"]}}],"collection":[{"href":"https:\/\/www.mevisco.com\/de\/wp-json\/wp\/v2\/pages"}],"about":[{"href":"https:\/\/www.mevisco.com\/de\/wp-json\/wp\/v2\/types\/page"}],"author":[{"embeddable":true,"href":"https:\/\/www.mevisco.com\/de\/wp-json\/wp\/v2\/users\/1"}],"replies":[{"embeddable":true,"href":"https:\/\/www.mevisco.com\/de\/wp-json\/wp\/v2\/comments?post=2544"}],"version-history":[{"count":4,"href":"https:\/\/www.mevisco.com\/de\/wp-json\/wp\/v2\/pages\/2544\/revisions"}],"predecessor-version":[{"id":5580,"href":"https:\/\/www.mevisco.com\/de\/wp-json\/wp\/v2\/pages\/2544\/revisions\/5580"}],"wp:attachment":[{"href":"https:\/\/www.mevisco.com\/de\/wp-json\/wp\/v2\/media?parent=2544"}],"wp:term":[{"taxonomy":"category","embeddable":true,"href":"https:\/\/www.mevisco.com\/de\/wp-json\/wp\/v2\/categories?post=2544"}],"curies":[{"name":"wp","href":"https:\/\/api.w.org\/{rel}","templated":true}]}}